{"id":146,"date":"2020-04-08T14:59:11","date_gmt":"2020-04-08T12:59:11","guid":{"rendered":"https:\/\/lepiejnagaz.pl\/?page_id=146"},"modified":"2025-02-13T07:49:21","modified_gmt":"2025-02-13T06:49:21","slug":"najwazniejsze-informacje-o-rodo","status":"publish","type":"page","link":"https:\/\/duon.pl\/lepiejnagaz\/rodo\/najwazniejsze-informacje-o-rodo\/","title":{"rendered":"Najwa\u017cniejsze informacje o RODO"},"content":{"rendered":"<div class=\"wpb-content-wrapper\"><p>[vc_section][vc_row][vc_column offset=&#8221;vc_col-lg-offset-1 vc_col-lg-10&#8243;][vc_column_text]<\/p>\n<h3>Czym jest RODO?<\/h3>\n<p>RODO to\u00a0Rozporz\u0105dzenie Parlamentu Europejskiego i\u00a0Rady (UE) 2016\/679 z\u00a0dnia 27 kwietnia 2016r. w\u00a0sprawie ochrony os\u00f3b fizycznych<br \/>\nw zwi\u0105zku z\u00a0przetwarzaniem danych osobowych i\u00a0w\u00a0sprawie swobodnego przep\u0142ywu takich danych oraz\u00a0uchylenia dyrektywy 95\/46\/WE (og\u00f3lne rozporz\u0105dzenie o\u00a0ochronie danych). Rozporz\u0105dzenie ma na\u00a0celu ochron\u0119 podstawowych praw i\u00a0wolno\u015bci os\u00f3b fizycznych, w\u00a0szczeg\u00f3lno\u015bci prawa do\u00a0ochrony danych osobowych. Link do\u00a0aktu prawnego: https:\/\/uodo.gov.pl\/pl\/p\/prawo<\/p>\n<p>Od\u00a0kiedy obowi\u0105zuje RODO \u2013 ma zastosowanie od\u00a025 maja 2018 r. RODO obowi\u0105zuje na\u00a0obszarze ca\u0142ej Unii Europejskiej.<\/p>\n<h3>Najwa\u017cniejsze poj\u0119cia o\u00a0kt\u00f3rych\u00a0warto wiedzie\u0107<\/h3>\n<p>Administrator \u2013 oznacza osob\u0119 fizyczn\u0105 lub prawn\u0105, organ publiczny, jednostk\u0119 lub inny podmiot, kt\u00f3ry\u00a0samodzielnie lub wsp\u00f3lnie z\u00a0innymi ustala cele i\u00a0sposoby przetwarzania danych osobowych.<\/p>\n<p>Dane osobowe \u2013 oznaczaj\u0105 informacje o\u00a0zidentyfikowanej lub mo\u017cliwej do\u00a0zidentyfikowania osobie fizycznej, mo\u017cliwa do\u00a0zidentyfikowania osoba fizyczna to\u00a0osoba, kt\u00f3r\u0105 mo\u017cna bezpo\u015brednio lub po\u015brednio zidentyfikowa\u0107, w\u00a0szczeg\u00f3lno\u015bci na\u00a0podstawie identyfikatora takiego jak imi\u0119<br \/>\ni nazwisko, numer identyfikacyjny, dane o\u00a0lokalizacji, identyfikator internetowy lub jeden b\u0105d\u017a kilka szczeg\u00f3lnych czynnik\u00f3w okre\u015blaj\u0105cych fizyczn\u0105, fizjologiczn\u0105, genetyczn\u0105, psychiczn\u0105, ekonomiczn\u0105, kulturow\u0105 lub spo\u0142eczn\u0105 to\u017csamo\u015b\u0107 osoby fizycznej.<\/p>\n<p>Odbiorca \u2013 oznacza osob\u0119 fizyczn\u0105 lub prawn\u0105, organ publiczny, jednostk\u0119 lub inny podmiot, kt\u00f3remu\u00a0ujawnia si\u0119 dane osobowe, niezale\u017cnie od\u00a0tego, czy\u00a0jest stron\u0105 trzeci\u0105.<\/p>\n<p>Organ nadzorczy \u2013 oznacza niezale\u017cny organ publiczny ustanowiony przez\u00a0pa\u0144stwo cz\u0142onkowskie w\u00a0celu ochrony podstawowych praw i\u00a0wolno\u015bci os\u00f3b fizycznych w\u00a0zwi\u0105zku z\u00a0przetwarzaniem danych. W\u00a0Polsce Organem Nadzorczym jest Urz\u0105d Ochrony Danych Osobowych. Link do\u00a0strony Urz\u0119du Ochrony Danych Osobowych: https:\/\/www.uodo.gov.pl\/<\/p>\n<p>Przetwarzanie \u2013 oznacza operacj\u0119 lub zestaw operacji wykonywanych na\u00a0danych osobowych lub zestawach danych osobowych w\u00a0spos\u00f3b zautomatyzowany lub niezautomatyzowany, tak\u0105 jak zbieranie, utrwalanie, organizowanie, porz\u0105dkowanie, przechowywanie, adaptowanie lub modyfikowanie, pobieranie, przegl\u0105danie, wykorzystywanie, ujawnianie poprzez przes\u0142anie, rozpowszechnianie lub innego rodzaju udost\u0119pnianie, dopasowywanie lub \u0142\u0105czenie, ograniczanie, usuwanie lub niszczenie.<br \/>\nNaruszenie ochrony danych osobowych \u2013 oznacza naruszenie bezpiecze\u0144stwa prowadz\u0105ce do\u00a0przypadkowego lub niezgodnego z\u00a0prawem zniszczenia, utracenia, zmodyfikowania, nieuprawnionego ujawnienia lub nieuprawnionego dost\u0119pu do\u00a0danych osobowych przesy\u0142anych, przechowywanych lub w\u00a0inny spos\u00f3b przetwarzanych.<br \/>\n[\/vc_column_text][\/vc_column][\/vc_row][\/vc_section]<\/p>\n<\/div>","protected":false},"excerpt":{"rendered":"<p>[vc_section][vc_row][vc_column offset=&#8221;vc_col-lg-offset-1 vc_col-lg-10&#8243;][vc_column_text] Czym jest RODO? RODO to\u00a0Rozporz\u0105dzenie Parlamentu Europejskiego i\u00a0Rady (UE) 2016\/679 z\u00a0dnia 27 kwietnia 2016r. w\u00a0sprawie ochrony os\u00f3b fizycznych w zwi\u0105zku z\u00a0przetwarzaniem danych osobowych i\u00a0w\u00a0sprawie swobodnego przep\u0142ywu takich danych oraz\u00a0uchylenia dyrektywy 95\/46\/WE (og\u00f3lne rozporz\u0105dzenie o\u00a0ochronie danych). Rozporz\u0105dzenie ma na\u00a0celu ochron\u0119 podstawowych praw i\u00a0wolno\u015bci os\u00f3b fizycznych, w\u00a0szczeg\u00f3lno\u015bci prawa do\u00a0ochrony danych osobowych. Link do\u00a0aktu prawnego: [&hellip;]<\/p>\n","protected":false},"author":1,"featured_media":0,"parent":88,"menu_order":0,"comment_status":"closed","ping_status":"closed","template":"tpl-text-page.php","meta":{"_acf_changed":false,"footnotes":""},"class_list":["post-146","page","type-page","status-publish","hentry"],"yoast_head":"<!-- This site is optimized with the Yoast SEO plugin v27.3 - https:\/\/yoast.com\/product\/yoast-seo-wordpress\/ -->\n<title>Najwa\u017cniejsze informacje o RODO - #LepiejNaGaz<\/title>\n<meta name=\"robots\" content=\"noindex, nofollow\" \/>\n<meta property=\"og:locale\" content=\"pl_PL\" \/>\n<meta property=\"og:type\" content=\"article\" \/>\n<meta property=\"og:title\" content=\"Najwa\u017cniejsze informacje o RODO - #LepiejNaGaz\" \/>\n<meta property=\"og:description\" content=\"[vc_section][vc_row][vc_column offset=&#8221;vc_col-lg-offset-1 vc_col-lg-10&#8243;][vc_column_text] Czym jest RODO? RODO to\u00a0Rozporz\u0105dzenie Parlamentu Europejskiego i\u00a0Rady (UE) 2016\/679 z\u00a0dnia 27 kwietnia 2016r. w\u00a0sprawie ochrony os\u00f3b fizycznych w zwi\u0105zku z\u00a0przetwarzaniem danych osobowych i\u00a0w\u00a0sprawie swobodnego przep\u0142ywu takich danych oraz\u00a0uchylenia dyrektywy 95\/46\/WE (og\u00f3lne rozporz\u0105dzenie o\u00a0ochronie danych). Rozporz\u0105dzenie ma na\u00a0celu ochron\u0119 podstawowych praw i\u00a0wolno\u015bci os\u00f3b fizycznych, w\u00a0szczeg\u00f3lno\u015bci prawa do\u00a0ochrony danych osobowych. Link do\u00a0aktu prawnego: [&hellip;]\" \/>\n<meta property=\"og:url\" content=\"https:\/\/duon.pl\/lepiejnagaz\/rodo\/najwazniejsze-informacje-o-rodo\/\" \/>\n<meta property=\"og:site_name\" content=\"#LepiejNaGaz\" \/>\n<meta property=\"article:modified_time\" content=\"2025-02-13T06:49:21+00:00\" \/>\n<meta name=\"twitter:card\" content=\"summary_large_image\" \/>\n<meta name=\"twitter:label1\" content=\"Est. reading time\" \/>\n\t<meta name=\"twitter:data1\" content=\"2 minutes\" \/>\n<script type=\"application\/ld+json\" class=\"yoast-schema-graph\">{\"@context\":\"https:\\\/\\\/schema.org\",\"@graph\":[{\"@type\":\"Article\",\"@id\":\"https:\\\/\\\/duon.pl\\\/lepiejnagaz\\\/rodo\\\/najwazniejsze-informacje-o-rodo\\\/#article\",\"isPartOf\":{\"@id\":\"https:\\\/\\\/duon.pl\\\/lepiejnagaz\\\/rodo\\\/najwazniejsze-informacje-o-rodo\\\/\"},\"author\":{\"name\":\"m.trocha\",\"@id\":\"https:\\\/\\\/duon.pl\\\/lepiejnagaz\\\/#\\\/schema\\\/person\\\/93eca5dabb4ab335fbbfca8b9b1270f3\"},\"headline\":\"Najwa\u017cniejsze informacje o RODO\",\"datePublished\":\"2020-04-08T12:59:11+00:00\",\"dateModified\":\"2025-02-13T06:49:21+00:00\",\"mainEntityOfPage\":{\"@id\":\"https:\\\/\\\/duon.pl\\\/lepiejnagaz\\\/rodo\\\/najwazniejsze-informacje-o-rodo\\\/\"},\"wordCount\":408,\"publisher\":{\"@id\":\"https:\\\/\\\/duon.pl\\\/lepiejnagaz\\\/#organization\"},\"inLanguage\":\"pl-PL\"},{\"@type\":\"WebPage\",\"@id\":\"https:\\\/\\\/duon.pl\\\/lepiejnagaz\\\/rodo\\\/najwazniejsze-informacje-o-rodo\\\/\",\"url\":\"https:\\\/\\\/duon.pl\\\/lepiejnagaz\\\/rodo\\\/najwazniejsze-informacje-o-rodo\\\/\",\"name\":\"Najwa\u017cniejsze informacje o RODO - #LepiejNaGaz\",\"isPartOf\":{\"@id\":\"https:\\\/\\\/duon.pl\\\/lepiejnagaz\\\/#website\"},\"datePublished\":\"2020-04-08T12:59:11+00:00\",\"dateModified\":\"2025-02-13T06:49:21+00:00\",\"breadcrumb\":{\"@id\":\"https:\\\/\\\/duon.pl\\\/lepiejnagaz\\\/rodo\\\/najwazniejsze-informacje-o-rodo\\\/#breadcrumb\"},\"inLanguage\":\"pl-PL\",\"potentialAction\":[{\"@type\":\"ReadAction\",\"target\":[\"https:\\\/\\\/duon.pl\\\/lepiejnagaz\\\/rodo\\\/najwazniejsze-informacje-o-rodo\\\/\"]}]},{\"@type\":\"BreadcrumbList\",\"@id\":\"https:\\\/\\\/duon.pl\\\/lepiejnagaz\\\/rodo\\\/najwazniejsze-informacje-o-rodo\\\/#breadcrumb\",\"itemListElement\":[{\"@type\":\"ListItem\",\"position\":1,\"name\":\"RODO\",\"item\":\"https:\\\/\\\/duon.pl\\\/lepiejnagaz\\\/rodo\\\/\"},{\"@type\":\"ListItem\",\"position\":2,\"name\":\"Najwa\u017cniejsze informacje o RODO\"}]},{\"@type\":\"WebSite\",\"@id\":\"https:\\\/\\\/duon.pl\\\/lepiejnagaz\\\/#website\",\"url\":\"https:\\\/\\\/duon.pl\\\/lepiejnagaz\\\/\",\"name\":\"#LepiejNaGaz\",\"description\":\"\",\"publisher\":{\"@id\":\"https:\\\/\\\/duon.pl\\\/lepiejnagaz\\\/#organization\"},\"potentialAction\":[{\"@type\":\"SearchAction\",\"target\":{\"@type\":\"EntryPoint\",\"urlTemplate\":\"https:\\\/\\\/duon.pl\\\/lepiejnagaz\\\/?s={search_term_string}\"},\"query-input\":{\"@type\":\"PropertyValueSpecification\",\"valueRequired\":true,\"valueName\":\"search_term_string\"}}],\"inLanguage\":\"pl-PL\"},{\"@type\":\"Organization\",\"@id\":\"https:\\\/\\\/duon.pl\\\/lepiejnagaz\\\/#organization\",\"name\":\"DUON\",\"alternateName\":\"DUON\",\"url\":\"https:\\\/\\\/duon.pl\\\/lepiejnagaz\\\/\",\"logo\":{\"@type\":\"ImageObject\",\"inLanguage\":\"pl-PL\",\"@id\":\"https:\\\/\\\/duon.pl\\\/lepiejnagaz\\\/#\\\/schema\\\/logo\\\/image\\\/\",\"url\":\"https:\\\/\\\/duon.pl\\\/lepiejnagaz\\\/wp-content\\\/uploads\\\/sites\\\/5\\\/2020\\\/12\\\/cropped-favicon.png\",\"contentUrl\":\"https:\\\/\\\/duon.pl\\\/lepiejnagaz\\\/wp-content\\\/uploads\\\/sites\\\/5\\\/2020\\\/12\\\/cropped-favicon.png\",\"width\":512,\"height\":512,\"caption\":\"DUON\"},\"image\":{\"@id\":\"https:\\\/\\\/duon.pl\\\/lepiejnagaz\\\/#\\\/schema\\\/logo\\\/image\\\/\"}},{\"@type\":\"Person\",\"@id\":\"https:\\\/\\\/duon.pl\\\/lepiejnagaz\\\/#\\\/schema\\\/person\\\/93eca5dabb4ab335fbbfca8b9b1270f3\",\"name\":\"m.trocha\",\"image\":{\"@type\":\"ImageObject\",\"inLanguage\":\"pl-PL\",\"@id\":\"https:\\\/\\\/secure.gravatar.com\\\/avatar\\\/167d61f8d8e4706b769d610a372dabb6c62f2a4335cd0c5c1c6a723dc98be427?s=96&d=mm&r=g\",\"url\":\"https:\\\/\\\/secure.gravatar.com\\\/avatar\\\/167d61f8d8e4706b769d610a372dabb6c62f2a4335cd0c5c1c6a723dc98be427?s=96&d=mm&r=g\",\"contentUrl\":\"https:\\\/\\\/secure.gravatar.com\\\/avatar\\\/167d61f8d8e4706b769d610a372dabb6c62f2a4335cd0c5c1c6a723dc98be427?s=96&d=mm&r=g\",\"caption\":\"m.trocha\"}}]}<\/script>\n<!-- \/ Yoast SEO plugin. -->","yoast_head_json":{"title":"Najwa\u017cniejsze informacje o RODO - #LepiejNaGaz","robots":{"index":"noindex","follow":"nofollow"},"og_locale":"pl_PL","og_type":"article","og_title":"Najwa\u017cniejsze informacje o RODO - #LepiejNaGaz","og_description":"[vc_section][vc_row][vc_column offset=&#8221;vc_col-lg-offset-1 vc_col-lg-10&#8243;][vc_column_text] Czym jest RODO? RODO to\u00a0Rozporz\u0105dzenie Parlamentu Europejskiego i\u00a0Rady (UE) 2016\/679 z\u00a0dnia 27 kwietnia 2016r. w\u00a0sprawie ochrony os\u00f3b fizycznych w zwi\u0105zku z\u00a0przetwarzaniem danych osobowych i\u00a0w\u00a0sprawie swobodnego przep\u0142ywu takich danych oraz\u00a0uchylenia dyrektywy 95\/46\/WE (og\u00f3lne rozporz\u0105dzenie o\u00a0ochronie danych). Rozporz\u0105dzenie ma na\u00a0celu ochron\u0119 podstawowych praw i\u00a0wolno\u015bci os\u00f3b fizycznych, w\u00a0szczeg\u00f3lno\u015bci prawa do\u00a0ochrony danych osobowych. Link do\u00a0aktu prawnego: [&hellip;]","og_url":"https:\/\/duon.pl\/lepiejnagaz\/rodo\/najwazniejsze-informacje-o-rodo\/","og_site_name":"#LepiejNaGaz","article_modified_time":"2025-02-13T06:49:21+00:00","twitter_card":"summary_large_image","twitter_misc":{"Est. reading time":"2 minutes"},"schema":{"@context":"https:\/\/schema.org","@graph":[{"@type":"Article","@id":"https:\/\/duon.pl\/lepiejnagaz\/rodo\/najwazniejsze-informacje-o-rodo\/#article","isPartOf":{"@id":"https:\/\/duon.pl\/lepiejnagaz\/rodo\/najwazniejsze-informacje-o-rodo\/"},"author":{"name":"m.trocha","@id":"https:\/\/duon.pl\/lepiejnagaz\/#\/schema\/person\/93eca5dabb4ab335fbbfca8b9b1270f3"},"headline":"Najwa\u017cniejsze informacje o RODO","datePublished":"2020-04-08T12:59:11+00:00","dateModified":"2025-02-13T06:49:21+00:00","mainEntityOfPage":{"@id":"https:\/\/duon.pl\/lepiejnagaz\/rodo\/najwazniejsze-informacje-o-rodo\/"},"wordCount":408,"publisher":{"@id":"https:\/\/duon.pl\/lepiejnagaz\/#organization"},"inLanguage":"pl-PL"},{"@type":"WebPage","@id":"https:\/\/duon.pl\/lepiejnagaz\/rodo\/najwazniejsze-informacje-o-rodo\/","url":"https:\/\/duon.pl\/lepiejnagaz\/rodo\/najwazniejsze-informacje-o-rodo\/","name":"Najwa\u017cniejsze informacje o RODO - #LepiejNaGaz","isPartOf":{"@id":"https:\/\/duon.pl\/lepiejnagaz\/#website"},"datePublished":"2020-04-08T12:59:11+00:00","dateModified":"2025-02-13T06:49:21+00:00","breadcrumb":{"@id":"https:\/\/duon.pl\/lepiejnagaz\/rodo\/najwazniejsze-informacje-o-rodo\/#breadcrumb"},"inLanguage":"pl-PL","potentialAction":[{"@type":"ReadAction","target":["https:\/\/duon.pl\/lepiejnagaz\/rodo\/najwazniejsze-informacje-o-rodo\/"]}]},{"@type":"BreadcrumbList","@id":"https:\/\/duon.pl\/lepiejnagaz\/rodo\/najwazniejsze-informacje-o-rodo\/#breadcrumb","itemListElement":[{"@type":"ListItem","position":1,"name":"RODO","item":"https:\/\/duon.pl\/lepiejnagaz\/rodo\/"},{"@type":"ListItem","position":2,"name":"Najwa\u017cniejsze informacje o RODO"}]},{"@type":"WebSite","@id":"https:\/\/duon.pl\/lepiejnagaz\/#website","url":"https:\/\/duon.pl\/lepiejnagaz\/","name":"#LepiejNaGaz","description":"","publisher":{"@id":"https:\/\/duon.pl\/lepiejnagaz\/#organization"},"potentialAction":[{"@type":"SearchAction","target":{"@type":"EntryPoint","urlTemplate":"https:\/\/duon.pl\/lepiejnagaz\/?s={search_term_string}"},"query-input":{"@type":"PropertyValueSpecification","valueRequired":true,"valueName":"search_term_string"}}],"inLanguage":"pl-PL"},{"@type":"Organization","@id":"https:\/\/duon.pl\/lepiejnagaz\/#organization","name":"DUON","alternateName":"DUON","url":"https:\/\/duon.pl\/lepiejnagaz\/","logo":{"@type":"ImageObject","inLanguage":"pl-PL","@id":"https:\/\/duon.pl\/lepiejnagaz\/#\/schema\/logo\/image\/","url":"https:\/\/duon.pl\/lepiejnagaz\/wp-content\/uploads\/sites\/5\/2020\/12\/cropped-favicon.png","contentUrl":"https:\/\/duon.pl\/lepiejnagaz\/wp-content\/uploads\/sites\/5\/2020\/12\/cropped-favicon.png","width":512,"height":512,"caption":"DUON"},"image":{"@id":"https:\/\/duon.pl\/lepiejnagaz\/#\/schema\/logo\/image\/"}},{"@type":"Person","@id":"https:\/\/duon.pl\/lepiejnagaz\/#\/schema\/person\/93eca5dabb4ab335fbbfca8b9b1270f3","name":"m.trocha","image":{"@type":"ImageObject","inLanguage":"pl-PL","@id":"https:\/\/secure.gravatar.com\/avatar\/167d61f8d8e4706b769d610a372dabb6c62f2a4335cd0c5c1c6a723dc98be427?s=96&d=mm&r=g","url":"https:\/\/secure.gravatar.com\/avatar\/167d61f8d8e4706b769d610a372dabb6c62f2a4335cd0c5c1c6a723dc98be427?s=96&d=mm&r=g","contentUrl":"https:\/\/secure.gravatar.com\/avatar\/167d61f8d8e4706b769d610a372dabb6c62f2a4335cd0c5c1c6a723dc98be427?s=96&d=mm&r=g","caption":"m.trocha"}}]}},"acf":[],"_links":{"self":[{"href":"https:\/\/duon.pl\/lepiejnagaz\/wp-json\/wp\/v2\/pages\/146","targetHints":{"allow":["GET"]}}],"collection":[{"href":"https:\/\/duon.pl\/lepiejnagaz\/wp-json\/wp\/v2\/pages"}],"about":[{"href":"https:\/\/duon.pl\/lepiejnagaz\/wp-json\/wp\/v2\/types\/page"}],"author":[{"embeddable":true,"href":"https:\/\/duon.pl\/lepiejnagaz\/wp-json\/wp\/v2\/users\/1"}],"replies":[{"embeddable":true,"href":"https:\/\/duon.pl\/lepiejnagaz\/wp-json\/wp\/v2\/comments?post=146"}],"version-history":[{"count":1,"href":"https:\/\/duon.pl\/lepiejnagaz\/wp-json\/wp\/v2\/pages\/146\/revisions"}],"predecessor-version":[{"id":290,"href":"https:\/\/duon.pl\/lepiejnagaz\/wp-json\/wp\/v2\/pages\/146\/revisions\/290"}],"up":[{"embeddable":true,"href":"https:\/\/duon.pl\/lepiejnagaz\/wp-json\/wp\/v2\/pages\/88"}],"wp:attachment":[{"href":"https:\/\/duon.pl\/lepiejnagaz\/wp-json\/wp\/v2\/media?parent=146"}],"curies":[{"name":"wp","href":"https:\/\/api.w.org\/{rel}","templated":true}]}}