{"id":147,"date":"2020-04-08T15:05:53","date_gmt":"2020-04-08T13:05:53","guid":{"rendered":"https:\/\/lepiejnagaz.pl\/?page_id=147"},"modified":"2025-02-13T07:48:11","modified_gmt":"2025-02-13T06:48:11","slug":"zasady-przetwarzania-danych-osobowych","status":"publish","type":"page","link":"https:\/\/duon.pl\/lepiejnagaz\/rodo\/zasady-przetwarzania-danych-osobowych\/","title":{"rendered":"Zasady przetwarzania danych osobowych"},"content":{"rendered":"<div class=\"wpb-content-wrapper\"><p>[vc_section][vc_row][vc_column offset=&#8221;vc_col-lg-offset-1 vc_col-lg-10&#8243;][vc_column_text]Szanujemy prywatno\u015b\u0107 os\u00f3b, kt\u00f3rych dane przetwarzamy, dlatego zach\u0119camy do zapoznania si\u0119 z podstawowymi zasadami, kt\u00f3rymi kierujemy si\u0119 w Naszej codziennej pracy przy przetwarzaniu Pani\/Pana danych osobowych.<\/p>\n<p>Ustalone zasady maj\u0105 na celu zapewni\u0107:<\/p>\n<ul>\n<li>zgodno\u015b\u0107 przetwarzania z prawem oraz<\/li>\n<li>w\u0142a\u015bciwy poziom bezpiecze\u0144stwa.<\/li>\n<\/ul>\n<p>Jako Administrator przetwarzanych danych osobowych informujemy, \u017ce:<\/p>\n<ul>\n<li>w zwi\u0105zku z prowadzon\u0105 dzia\u0142alno\u015bci\u0105 gospodarcz\u0105 przetwarzamy dane osobowe: u\u017cytkownik\u00f3w strony oraz os\u00f3b korzystaj\u0105cych<br \/>\nz udost\u0119pnionych form komunikacji elektronicznej w jednym lub wi\u0119kszej liczbie cel\u00f3w, kt\u00f3re zosta\u0142y okre\u015blone w polityce prywatno\u015bci,<\/li>\n<li>zawsze informujemy o przetwarzaniu danych osobowych w momencie ich zbierania okre\u015blaj\u0105c cel i podstaw\u0119 prawn\u0105 ich przetwarzania. Obowi\u0105zek ten mo\u017ce by\u0107 spe\u0142niony wielowarstwowo, a celem przyj\u0119tego rozwi\u0105zania jest ograniczenie zakresu informacji przekazywanej na raz, umo\u017cliwienie Pa\u0144stwu wr\u00f3cenie do informacji w ka\u017cdej dowolnej chwili oraz ograniczenie koszt\u00f3w dystrybuowania tre\u015bci przekazywanej informacji w formie wydruku,<\/li>\n<li>dbamy o to, aby zakres przetwarzanych danych osobowych by\u0142 adekwatny w stosunku do celu ich przetwarzania, a dane osobowe by\u0142y przechowywane przez okres, jaki jest to niezb\u0119dne. Przeprowadzamy regularne oceny adekwatno\u015bci, na podstawie kt\u00f3rych oceniamy adekwatno\u015b\u0107 pozyskiwanych danych w stosunku do celu ich przetwarzania, w sytuacji gdy uznamy, \u017ce zakres przetwarzanych danych osobowych jest zbyt szeroki zmieniamy go, tak aby nie narusza\u0142 Pa\u0144stwa prawa do prywatno\u015bci,<\/li>\n<li>zapewniamy bezpiecze\u0144stwo i poufno\u015b\u0107 przetwarzanych danych osobowych w stopniu adekwatnym do ryzyka i potencjalnego wp\u0142ywu naruszenia danych na Pana\/Pani\u0105. Przeprowadzamy regularne audyty bezpiecze\u0144stwa, na podstawie kt\u00f3rych oceniamy ryzyko naruszenia bezpiecze\u0144stwa przetwarzanych przez Nas Pa\u0144stwa danych osobowych, a w sytuacji gdy ocena wyst\u0105pienia ryzyka jest wysoka podejmuje niezb\u0119dne kroki w celu jego zminimalizowania. Wszystko z trosk\u0105 o bezpiecze\u0144stwo danych osobowych,<\/li>\n<li>zapewniamy realizacj\u0119 praw osoby fizycznej przys\u0142uguj\u0105cych na mocy przepis\u00f3w RODO, kt\u00f3rej dane przetwarzamy. Jakie prawa przys\u0142uguj\u0105 na mocy przepis\u00f3w RODO mo\u017cesz przeczyta\u0107 <a href=\"https:\/\/duon.pl\/lepiejnagaz\/\/rodo\/informacje-o-prawach-przyslugujacych-osobie-ktorej-dane-sa-przetwarzane\/\"><strong>tutaj<\/strong><\/a>\u00a0oraz jak wnie\u015b\u0107 wniosek o realizacj\u0119 prawa, przeczytaj\u00a0<a href=\"https:\/\/duon.pl\/lepiejnagaz\/\/informacja-jak-wniesc-wniosek-o-realizacje-prawa-przyslugujacego-na-mocy-przepisow-rodo\/\"><strong>tutaj<\/strong><\/a>,<\/li>\n<li>w sytuacji gdyby dosz\u0142o do naruszenia ochrony danych osobowych, kt\u00f3re skutkowa\u0107 mo\u017ce negatywnymi konsekwencjami dla Pani\/Pana, jako osoby fizycznej dotkni\u0119tej ujawnionym naruszeniem, o wyst\u0105pieniu takiego zdarzenia poinformujemy w formie:<\/li>\n<li>sms na podany numer telefonu<\/li>\n<li>wiadomo\u015bci elektronicznej na podany adres e-mail<\/li>\n<li>listownie na podany adres zamieszkania<\/li>\n<li>lub umieszczaj\u0105c informacj\u0119 na stronie<\/li>\n<\/ul>\n<p>w powiadomieniu poinformujemy o naruszeniu, o mo\u017cliwych konsekwencjach wynikaj\u0105cych z naruszenia oraz przeka\u017cemy informacje jakie kroki nale\u017cy poczyni\u0107 aby zminimalizowa\u0107 ryzyko wyst\u0105pienia wskazanych konsekwencji.[\/vc_column_text][\/vc_column][\/vc_row][\/vc_section]<\/p>\n<\/div>","protected":false},"excerpt":{"rendered":"<p>[vc_section][vc_row][vc_column offset=&#8221;vc_col-lg-offset-1 vc_col-lg-10&#8243;][vc_column_text]Szanujemy prywatno\u015b\u0107 os\u00f3b, kt\u00f3rych dane przetwarzamy, dlatego zach\u0119camy do zapoznania si\u0119 z podstawowymi zasadami, kt\u00f3rymi kierujemy si\u0119 w Naszej codziennej pracy przy przetwarzaniu Pani\/Pana danych osobowych. Ustalone zasady maj\u0105 na celu zapewni\u0107: zgodno\u015b\u0107 przetwarzania z prawem oraz w\u0142a\u015bciwy poziom bezpiecze\u0144stwa. Jako Administrator przetwarzanych danych osobowych informujemy, \u017ce: w zwi\u0105zku z prowadzon\u0105 dzia\u0142alno\u015bci\u0105 gospodarcz\u0105 [&hellip;]<\/p>\n","protected":false},"author":1,"featured_media":0,"parent":88,"menu_order":0,"comment_status":"closed","ping_status":"closed","template":"tpl-text-page.php","meta":{"_acf_changed":false,"footnotes":""},"class_list":["post-147","page","type-page","status-publish","hentry"],"yoast_head":"<!-- This site is optimized with the Yoast SEO plugin v27.3 - https:\/\/yoast.com\/product\/yoast-seo-wordpress\/ -->\n<title>Zasady przetwarzania danych osobowych - #LepiejNaGaz<\/title>\n<meta name=\"robots\" content=\"noindex, nofollow\" \/>\n<meta property=\"og:locale\" content=\"pl_PL\" \/>\n<meta property=\"og:type\" content=\"article\" \/>\n<meta property=\"og:title\" content=\"Zasady przetwarzania danych osobowych - #LepiejNaGaz\" \/>\n<meta property=\"og:description\" content=\"[vc_section][vc_row][vc_column offset=&#8221;vc_col-lg-offset-1 vc_col-lg-10&#8243;][vc_column_text]Szanujemy prywatno\u015b\u0107 os\u00f3b, kt\u00f3rych dane przetwarzamy, dlatego zach\u0119camy do zapoznania si\u0119 z podstawowymi zasadami, kt\u00f3rymi kierujemy si\u0119 w Naszej codziennej pracy przy przetwarzaniu Pani\/Pana danych osobowych. Ustalone zasady maj\u0105 na celu zapewni\u0107: zgodno\u015b\u0107 przetwarzania z prawem oraz w\u0142a\u015bciwy poziom bezpiecze\u0144stwa. Jako Administrator przetwarzanych danych osobowych informujemy, \u017ce: w zwi\u0105zku z prowadzon\u0105 dzia\u0142alno\u015bci\u0105 gospodarcz\u0105 [&hellip;]\" \/>\n<meta property=\"og:url\" content=\"https:\/\/duon.pl\/lepiejnagaz\/rodo\/zasady-przetwarzania-danych-osobowych\/\" \/>\n<meta property=\"og:site_name\" content=\"#LepiejNaGaz\" \/>\n<meta property=\"article:modified_time\" content=\"2025-02-13T06:48:11+00:00\" \/>\n<meta name=\"twitter:card\" content=\"summary_large_image\" \/>\n<meta name=\"twitter:label1\" content=\"Est. reading time\" \/>\n\t<meta name=\"twitter:data1\" content=\"3 minutes\" \/>\n<script type=\"application\/ld+json\" class=\"yoast-schema-graph\">{\"@context\":\"https:\\\/\\\/schema.org\",\"@graph\":[{\"@type\":\"Article\",\"@id\":\"https:\\\/\\\/duon.pl\\\/lepiejnagaz\\\/rodo\\\/zasady-przetwarzania-danych-osobowych\\\/#article\",\"isPartOf\":{\"@id\":\"https:\\\/\\\/duon.pl\\\/lepiejnagaz\\\/rodo\\\/zasady-przetwarzania-danych-osobowych\\\/\"},\"author\":{\"name\":\"m.trocha\",\"@id\":\"https:\\\/\\\/duon.pl\\\/lepiejnagaz\\\/#\\\/schema\\\/person\\\/93eca5dabb4ab335fbbfca8b9b1270f3\"},\"headline\":\"Zasady przetwarzania danych osobowych\",\"datePublished\":\"2020-04-08T13:05:53+00:00\",\"dateModified\":\"2025-02-13T06:48:11+00:00\",\"mainEntityOfPage\":{\"@id\":\"https:\\\/\\\/duon.pl\\\/lepiejnagaz\\\/rodo\\\/zasady-przetwarzania-danych-osobowych\\\/\"},\"wordCount\":460,\"publisher\":{\"@id\":\"https:\\\/\\\/duon.pl\\\/lepiejnagaz\\\/#organization\"},\"inLanguage\":\"pl-PL\"},{\"@type\":\"WebPage\",\"@id\":\"https:\\\/\\\/duon.pl\\\/lepiejnagaz\\\/rodo\\\/zasady-przetwarzania-danych-osobowych\\\/\",\"url\":\"https:\\\/\\\/duon.pl\\\/lepiejnagaz\\\/rodo\\\/zasady-przetwarzania-danych-osobowych\\\/\",\"name\":\"Zasady przetwarzania danych osobowych - #LepiejNaGaz\",\"isPartOf\":{\"@id\":\"https:\\\/\\\/duon.pl\\\/lepiejnagaz\\\/#website\"},\"datePublished\":\"2020-04-08T13:05:53+00:00\",\"dateModified\":\"2025-02-13T06:48:11+00:00\",\"breadcrumb\":{\"@id\":\"https:\\\/\\\/duon.pl\\\/lepiejnagaz\\\/rodo\\\/zasady-przetwarzania-danych-osobowych\\\/#breadcrumb\"},\"inLanguage\":\"pl-PL\",\"potentialAction\":[{\"@type\":\"ReadAction\",\"target\":[\"https:\\\/\\\/duon.pl\\\/lepiejnagaz\\\/rodo\\\/zasady-przetwarzania-danych-osobowych\\\/\"]}]},{\"@type\":\"BreadcrumbList\",\"@id\":\"https:\\\/\\\/duon.pl\\\/lepiejnagaz\\\/rodo\\\/zasady-przetwarzania-danych-osobowych\\\/#breadcrumb\",\"itemListElement\":[{\"@type\":\"ListItem\",\"position\":1,\"name\":\"RODO\",\"item\":\"https:\\\/\\\/duon.pl\\\/lepiejnagaz\\\/rodo\\\/\"},{\"@type\":\"ListItem\",\"position\":2,\"name\":\"Zasady przetwarzania danych osobowych\"}]},{\"@type\":\"WebSite\",\"@id\":\"https:\\\/\\\/duon.pl\\\/lepiejnagaz\\\/#website\",\"url\":\"https:\\\/\\\/duon.pl\\\/lepiejnagaz\\\/\",\"name\":\"#LepiejNaGaz\",\"description\":\"\",\"publisher\":{\"@id\":\"https:\\\/\\\/duon.pl\\\/lepiejnagaz\\\/#organization\"},\"potentialAction\":[{\"@type\":\"SearchAction\",\"target\":{\"@type\":\"EntryPoint\",\"urlTemplate\":\"https:\\\/\\\/duon.pl\\\/lepiejnagaz\\\/?s={search_term_string}\"},\"query-input\":{\"@type\":\"PropertyValueSpecification\",\"valueRequired\":true,\"valueName\":\"search_term_string\"}}],\"inLanguage\":\"pl-PL\"},{\"@type\":\"Organization\",\"@id\":\"https:\\\/\\\/duon.pl\\\/lepiejnagaz\\\/#organization\",\"name\":\"DUON\",\"alternateName\":\"DUON\",\"url\":\"https:\\\/\\\/duon.pl\\\/lepiejnagaz\\\/\",\"logo\":{\"@type\":\"ImageObject\",\"inLanguage\":\"pl-PL\",\"@id\":\"https:\\\/\\\/duon.pl\\\/lepiejnagaz\\\/#\\\/schema\\\/logo\\\/image\\\/\",\"url\":\"https:\\\/\\\/duon.pl\\\/lepiejnagaz\\\/wp-content\\\/uploads\\\/sites\\\/5\\\/2020\\\/12\\\/cropped-favicon.png\",\"contentUrl\":\"https:\\\/\\\/duon.pl\\\/lepiejnagaz\\\/wp-content\\\/uploads\\\/sites\\\/5\\\/2020\\\/12\\\/cropped-favicon.png\",\"width\":512,\"height\":512,\"caption\":\"DUON\"},\"image\":{\"@id\":\"https:\\\/\\\/duon.pl\\\/lepiejnagaz\\\/#\\\/schema\\\/logo\\\/image\\\/\"}},{\"@type\":\"Person\",\"@id\":\"https:\\\/\\\/duon.pl\\\/lepiejnagaz\\\/#\\\/schema\\\/person\\\/93eca5dabb4ab335fbbfca8b9b1270f3\",\"name\":\"m.trocha\",\"image\":{\"@type\":\"ImageObject\",\"inLanguage\":\"pl-PL\",\"@id\":\"https:\\\/\\\/secure.gravatar.com\\\/avatar\\\/167d61f8d8e4706b769d610a372dabb6c62f2a4335cd0c5c1c6a723dc98be427?s=96&d=mm&r=g\",\"url\":\"https:\\\/\\\/secure.gravatar.com\\\/avatar\\\/167d61f8d8e4706b769d610a372dabb6c62f2a4335cd0c5c1c6a723dc98be427?s=96&d=mm&r=g\",\"contentUrl\":\"https:\\\/\\\/secure.gravatar.com\\\/avatar\\\/167d61f8d8e4706b769d610a372dabb6c62f2a4335cd0c5c1c6a723dc98be427?s=96&d=mm&r=g\",\"caption\":\"m.trocha\"}}]}<\/script>\n<!-- \/ Yoast SEO plugin. -->","yoast_head_json":{"title":"Zasady przetwarzania danych osobowych - #LepiejNaGaz","robots":{"index":"noindex","follow":"nofollow"},"og_locale":"pl_PL","og_type":"article","og_title":"Zasady przetwarzania danych osobowych - #LepiejNaGaz","og_description":"[vc_section][vc_row][vc_column offset=&#8221;vc_col-lg-offset-1 vc_col-lg-10&#8243;][vc_column_text]Szanujemy prywatno\u015b\u0107 os\u00f3b, kt\u00f3rych dane przetwarzamy, dlatego zach\u0119camy do zapoznania si\u0119 z podstawowymi zasadami, kt\u00f3rymi kierujemy si\u0119 w Naszej codziennej pracy przy przetwarzaniu Pani\/Pana danych osobowych. Ustalone zasady maj\u0105 na celu zapewni\u0107: zgodno\u015b\u0107 przetwarzania z prawem oraz w\u0142a\u015bciwy poziom bezpiecze\u0144stwa. Jako Administrator przetwarzanych danych osobowych informujemy, \u017ce: w zwi\u0105zku z prowadzon\u0105 dzia\u0142alno\u015bci\u0105 gospodarcz\u0105 [&hellip;]","og_url":"https:\/\/duon.pl\/lepiejnagaz\/rodo\/zasady-przetwarzania-danych-osobowych\/","og_site_name":"#LepiejNaGaz","article_modified_time":"2025-02-13T06:48:11+00:00","twitter_card":"summary_large_image","twitter_misc":{"Est. reading time":"3 minutes"},"schema":{"@context":"https:\/\/schema.org","@graph":[{"@type":"Article","@id":"https:\/\/duon.pl\/lepiejnagaz\/rodo\/zasady-przetwarzania-danych-osobowych\/#article","isPartOf":{"@id":"https:\/\/duon.pl\/lepiejnagaz\/rodo\/zasady-przetwarzania-danych-osobowych\/"},"author":{"name":"m.trocha","@id":"https:\/\/duon.pl\/lepiejnagaz\/#\/schema\/person\/93eca5dabb4ab335fbbfca8b9b1270f3"},"headline":"Zasady przetwarzania danych osobowych","datePublished":"2020-04-08T13:05:53+00:00","dateModified":"2025-02-13T06:48:11+00:00","mainEntityOfPage":{"@id":"https:\/\/duon.pl\/lepiejnagaz\/rodo\/zasady-przetwarzania-danych-osobowych\/"},"wordCount":460,"publisher":{"@id":"https:\/\/duon.pl\/lepiejnagaz\/#organization"},"inLanguage":"pl-PL"},{"@type":"WebPage","@id":"https:\/\/duon.pl\/lepiejnagaz\/rodo\/zasady-przetwarzania-danych-osobowych\/","url":"https:\/\/duon.pl\/lepiejnagaz\/rodo\/zasady-przetwarzania-danych-osobowych\/","name":"Zasady przetwarzania danych osobowych - #LepiejNaGaz","isPartOf":{"@id":"https:\/\/duon.pl\/lepiejnagaz\/#website"},"datePublished":"2020-04-08T13:05:53+00:00","dateModified":"2025-02-13T06:48:11+00:00","breadcrumb":{"@id":"https:\/\/duon.pl\/lepiejnagaz\/rodo\/zasady-przetwarzania-danych-osobowych\/#breadcrumb"},"inLanguage":"pl-PL","potentialAction":[{"@type":"ReadAction","target":["https:\/\/duon.pl\/lepiejnagaz\/rodo\/zasady-przetwarzania-danych-osobowych\/"]}]},{"@type":"BreadcrumbList","@id":"https:\/\/duon.pl\/lepiejnagaz\/rodo\/zasady-przetwarzania-danych-osobowych\/#breadcrumb","itemListElement":[{"@type":"ListItem","position":1,"name":"RODO","item":"https:\/\/duon.pl\/lepiejnagaz\/rodo\/"},{"@type":"ListItem","position":2,"name":"Zasady przetwarzania danych osobowych"}]},{"@type":"WebSite","@id":"https:\/\/duon.pl\/lepiejnagaz\/#website","url":"https:\/\/duon.pl\/lepiejnagaz\/","name":"#LepiejNaGaz","description":"","publisher":{"@id":"https:\/\/duon.pl\/lepiejnagaz\/#organization"},"potentialAction":[{"@type":"SearchAction","target":{"@type":"EntryPoint","urlTemplate":"https:\/\/duon.pl\/lepiejnagaz\/?s={search_term_string}"},"query-input":{"@type":"PropertyValueSpecification","valueRequired":true,"valueName":"search_term_string"}}],"inLanguage":"pl-PL"},{"@type":"Organization","@id":"https:\/\/duon.pl\/lepiejnagaz\/#organization","name":"DUON","alternateName":"DUON","url":"https:\/\/duon.pl\/lepiejnagaz\/","logo":{"@type":"ImageObject","inLanguage":"pl-PL","@id":"https:\/\/duon.pl\/lepiejnagaz\/#\/schema\/logo\/image\/","url":"https:\/\/duon.pl\/lepiejnagaz\/wp-content\/uploads\/sites\/5\/2020\/12\/cropped-favicon.png","contentUrl":"https:\/\/duon.pl\/lepiejnagaz\/wp-content\/uploads\/sites\/5\/2020\/12\/cropped-favicon.png","width":512,"height":512,"caption":"DUON"},"image":{"@id":"https:\/\/duon.pl\/lepiejnagaz\/#\/schema\/logo\/image\/"}},{"@type":"Person","@id":"https:\/\/duon.pl\/lepiejnagaz\/#\/schema\/person\/93eca5dabb4ab335fbbfca8b9b1270f3","name":"m.trocha","image":{"@type":"ImageObject","inLanguage":"pl-PL","@id":"https:\/\/secure.gravatar.com\/avatar\/167d61f8d8e4706b769d610a372dabb6c62f2a4335cd0c5c1c6a723dc98be427?s=96&d=mm&r=g","url":"https:\/\/secure.gravatar.com\/avatar\/167d61f8d8e4706b769d610a372dabb6c62f2a4335cd0c5c1c6a723dc98be427?s=96&d=mm&r=g","contentUrl":"https:\/\/secure.gravatar.com\/avatar\/167d61f8d8e4706b769d610a372dabb6c62f2a4335cd0c5c1c6a723dc98be427?s=96&d=mm&r=g","caption":"m.trocha"}}]}},"acf":[],"_links":{"self":[{"href":"https:\/\/duon.pl\/lepiejnagaz\/wp-json\/wp\/v2\/pages\/147","targetHints":{"allow":["GET"]}}],"collection":[{"href":"https:\/\/duon.pl\/lepiejnagaz\/wp-json\/wp\/v2\/pages"}],"about":[{"href":"https:\/\/duon.pl\/lepiejnagaz\/wp-json\/wp\/v2\/types\/page"}],"author":[{"embeddable":true,"href":"https:\/\/duon.pl\/lepiejnagaz\/wp-json\/wp\/v2\/users\/1"}],"replies":[{"embeddable":true,"href":"https:\/\/duon.pl\/lepiejnagaz\/wp-json\/wp\/v2\/comments?post=147"}],"version-history":[{"count":2,"href":"https:\/\/duon.pl\/lepiejnagaz\/wp-json\/wp\/v2\/pages\/147\/revisions"}],"predecessor-version":[{"id":313,"href":"https:\/\/duon.pl\/lepiejnagaz\/wp-json\/wp\/v2\/pages\/147\/revisions\/313"}],"up":[{"embeddable":true,"href":"https:\/\/duon.pl\/lepiejnagaz\/wp-json\/wp\/v2\/pages\/88"}],"wp:attachment":[{"href":"https:\/\/duon.pl\/lepiejnagaz\/wp-json\/wp\/v2\/media?parent=147"}],"curies":[{"name":"wp","href":"https:\/\/api.w.org\/{rel}","templated":true}]}}