{"id":152,"date":"2020-04-30T11:12:06","date_gmt":"2020-04-30T09:12:06","guid":{"rendered":"https:\/\/lepiejnagaz.pl\/?page_id=152"},"modified":"2025-02-13T07:49:10","modified_gmt":"2025-02-13T06:49:10","slug":"informacje-o-prawach-przyslugujacych-osobie-ktorej-dane-sa-przetwarzane","status":"publish","type":"page","link":"https:\/\/duon.pl\/lepiejnagaz\/rodo\/informacje-o-prawach-przyslugujacych-osobie-ktorej-dane-sa-przetwarzane\/","title":{"rendered":"Informacje o prawach przys\u0142uguj\u0105cych osobie, kt\u00f3rej dane s\u0105 przetwarzane"},"content":{"rendered":"<div class=\"wpb-content-wrapper\"><p>[vc_section][vc_row][vc_column offset=&#8221;vc_col-lg-offset-1 vc_col-lg-10&#8243;][vc_column_text]Wskazane uprawnienia Mo\u017cesz wykona\u0107 droga mailow\u0105, wysy\u0142aj\u0105c email na adres: <a href=\"mailto:odo@gge.com.pl\">odo@gge.com.pl<\/a> lub zwracaj\u0105c si\u0119 do nas pisemnie na adres: DUON Dystrybucja Sp. z o. o. w Wysogotowie, (62-081 Prze\u017amierowo) ul. Serdeczna 8.<\/p>\n<p>B\u0119dziemy wnikliwie weryfikowa\u0107 pro\u015bby, \u017c\u0105dania lub sprzeciwy zgodnie z obowi\u0105zuj\u0105cymi przepisami o ochronie danych osobowych. Informujemy jednocze\u015bnie, \u017ce wskazane poni\u017cej prawa te nie maj\u0105 charakteru bezwzgl\u0119dnego, gdy\u017c przepisy pozwalaj\u0105 na ich nieuwzgl\u0119dnienie w okre\u015blonych sytuacjach, kt\u00f3re starali\u015bmy si\u0119 zaprezentowa\u0107.<\/p>\n<p><strong>Prawo dost\u0119pu do danych<\/strong><\/p>\n<p>Masz prawo do \u017c\u0105dania dost\u0119pu do Swoich danych osobowych, w tym w szczeg\u00f3lno\u015bci informacji:<\/p>\n<ul>\n<li>czy przetwarzamy Twoje dane osobowe,<\/li>\n<li>jaki zakres danych posiadamy,<\/li>\n<li>w jakim lub w jakich celach posiadane dane przetwarzamy,<\/li>\n<li>jakim odbiorcom, Twoje danych udost\u0119pnili\u015bmy,<\/li>\n<li>o czasie przetwarzania je\u015bli jest to mo\u017cliwe do ustalenia lub o planowanym okresie przechowywania tych danych,<\/li>\n<li>o przys\u0142uguj\u0105cych Ci prawach,<\/li>\n<li>o informacji o \u017ar\u00f3dle pozyskania danych w sytuacji, gdy nie zosta\u0142y zebrane od Ciebie.<\/li>\n<\/ul>\n<p>Masz ponadto prawo do uzyskania kopii Swoich danych osobowych.<\/p>\n<p>Na podstawie z\u0142o\u017conego wniosku udzielimy Ci informacji\u00a0bez op\u0142at (z zastrze\u017ceniem sytuacji uci\u0105\u017cliwego i regularnego zwracania si\u0119 o kolejne kopie danych, to mo\u017cemy pobra\u0107 op\u0142at\u0119 w rozs\u0105dnej wysoko\u015bci) \u00a0oraz\u00a0bez zb\u0119dnej zw\u0142oki, najp\u00f3\u017aniej w ci\u0105gu miesi\u0105ca od otrzymania wniosku. Ze wzgl\u0119du na skomplikowany charakter \u017c\u0105dania lub liczb\u0119 \u017c\u0105da\u0144 termin mo\u017cemy\u00a0przed\u0142u\u017cy\u0107 o kolejne dwa miesi\u0105ce, ale poinformujemy o takim przed\u0142u\u017ceniu terminu w ci\u0105gu miesi\u0105ca od otrzymania \u017c\u0105dania.<\/p>\n<p><strong>Prawo do sprostowania danych<\/strong><\/p>\n<p>W sytuacji, gdy posiadane przez Nas Twoje dane osobowe s\u0105 niezgodne lub b\u0142\u0119dne, Masz prawo do \u017c\u0105dania ich sprostowania.<\/p>\n<ul>\n<li>Dane nieprawid\u0142owe to takie, kt\u00f3re nie odpowiadaj\u0105 rzeczywistemu stanowi rzeczy, czyli dane nieprawdziwe. Prawid\u0142owo\u015b\u0107 danych ocenia si\u0119 z perspektywy osoby, kt\u00f3rej dane dotycz\u0105.<\/li>\n<li>Dane niekompletne to dane co prawda prawid\u0142owe, ale niepe\u0142ne.<\/li>\n<\/ul>\n<p><strong>Prawo do usuni\u0119cia danych (prawo do bycia zapomnianym)<\/strong><\/p>\n<p>Masz prawo \u017c\u0105dania usuni\u0119cia Twoich danych, je\u017celi zachodzi jedna z nast\u0119puj\u0105cych okoliczno\u015bci:<\/p>\n<ul>\n<li>dane osobowe nie s\u0105 ju\u017c niezb\u0119dne do cel\u00f3w, w kt\u00f3rych zosta\u0142y zebrane lub w inny spos\u00f3b przetwarzane,<\/li>\n<li>wnios\u0142a\u015b\/wnios\u0142e\u015b skuteczny sprzeciw wobec przetwarzania,<\/li>\n<li>dane osobowe by\u0142y przetwarzane niezgodnie z prawem,<\/li>\n<li>dane osobowe musz\u0105 zosta\u0107 usuni\u0119te w celu wywi\u0105zania si\u0119 z obowi\u0105zku prawnego,<\/li>\n<li>cofn\u0119\u0142a\u015b\/cofn\u0105\u0142e\u015b zgod\u0119 na przetwarzanie danych osobowych, a dane osobowe by\u0142y przetwarzane na podstawie Twojej zgody i nie ma innej podstawy prawnej ich przetwarzania.<\/li>\n<\/ul>\n<p>Pami\u0119taj, \u017ce nie b\u0119dziesz mog\u0142a\/m\u00f3g\u0142 jednak skorzysta\u0107 z prawa do usuni\u0119cia danych m.in.:<\/p>\n<ul>\n<li>je\u017celi dane osobowe s\u0105 niezb\u0119dne s\u0105 do ustalenia lub dochodzenia roszcze\u0144 lub obrony przed roszczeniami,<\/li>\n<li>gdy przetwarzanie oparte jest na podstawie przepis\u00f3w obowi\u0105zuj\u0105cego prawa,<\/li>\n<li>gdy przetwarzanie wynika z zwi\u0105zku z zawart\u0105 umow\u0105.<\/li>\n<\/ul>\n<p><strong>Prawo do ograniczenia przetwarzania danych<\/strong><\/p>\n<p>Masz prawo \u017c\u0105dania ograniczenia przetwarzania w nast\u0119puj\u0105cych przypadkach:<\/p>\n<ul>\n<li>je\u017celi kwestionujesz prawid\u0142owo\u015b\u0107 danych osobowych \u2013 na okres pozwalaj\u0105cy sprawdzi\u0107 prawid\u0142owo\u015b\u0107 tych danych,<\/li>\n<li>przetwarzanie jest niezgodne z prawem i sprzeciwiasz si\u0119 usuni\u0119ciu danych osobowych, \u017c\u0105daj\u0105c w zamian ograniczenia ich wykorzystywania,<\/li>\n<li>dane osobowe nie s\u0105 ju\u017c Nam potrzebne, ale potrzebne s\u0105 Tobie do ustalenia, dochodzenia lub obrony przed roszczeniami,<\/li>\n<li>w przypadku wniesienia przez Ciebie sprzeciwu \u2013 do czasu stwierdzenia, czy prawnie uzasadnione podstawy po Naszej stronie s\u0105 nadrz\u0119dne wobec podstaw Twojego sprzeciwu.<\/li>\n<\/ul>\n<p><strong>Prawo do przenoszenia danych<\/strong><\/p>\n<p>Masz prawo otrzyma\u0107 w ustrukturyzowanym, powszechnie u\u017cywanym formacie nadaj\u0105cym si\u0119 do odczytu maszynowego Swoje dane osobowe oraz masz prawo przes\u0142a\u0107 te dane osobowe innemu administratorowi, je\u017celi:<\/p>\n<ul>\n<li>przetwarzanie odbywa si\u0119 na podstawie Twojej zgody lub na podstawie zawartej umowy, a<\/li>\n<li>jednocze\u015bnie przetwarzanie odbywa si\u0119 w spos\u00f3b zautomatyzowany.<\/li>\n<\/ul>\n<p>Masz jednocze\u015bnie prawo \u017c\u0105dania by dane osobowe zosta\u0142y przes\u0142ane bezpo\u015brednio innemu administratorowi danych, o ile jest to technicznie mo\u017cliwe.<\/p>\n<p>Pami\u0119taj jednak, \u017ce:<\/p>\n<ul>\n<li>prawo do przenoszenia danych nie mo\u017ce niekorzystnie (negatywnie) wp\u0142ywa\u0107 na prawa i wolno\u015bci innych os\u00f3b, oraz<\/li>\n<li>odpowiadaj\u0105c na wniosek o przeniesienie danych nie ponosimy odpowiedzialno\u015bci za przetwarzanie tych danych ani przez osob\u0119, kt\u00f3rej dane dotycz\u0105, ani przez administratora, do kt\u00f3rego dane s\u0105 przenoszone.<\/li>\n<\/ul>\n<p><strong>Prawo do wniesienia sprzeciwu wobec przetwarzania danych<\/strong><\/p>\n<p>Masz prawo w dowolnym momencie wnie\u015b\u0107 sprzeciw \u2013 z przyczyn zwi\u0105zanych ze swoj\u0105 szczeg\u00f3ln\u0105 sytuacj\u0105 \u2013 wobec przetwarzania Twoich danych, je\u017celi podstaw\u0105 prawn\u0105 przetwarzania jest prawnie uzasadniony interes Administratora.<\/p>\n<p>Na skutek sprzeciwu zaprzestaniemy przetwarza\u0107 Twoje dane osobowe, chyba, \u017ce wyka\u017cemy istnienie wa\u017cnych, prawnie uzasadnionych podstaw do przetwarzania, nadrz\u0119dnych wobec Twoich interes\u00f3w, praw i wolno\u015bci lub podstaw do ustalenia, dochodzenia roszcze\u0144 lub obrony przed roszczeniami.<\/p>\n<p>Je\u017celi dane osobowe s\u0105 przetwarzane na potrzeby marketingu bezpo\u015bredniego, mo\u017cesz w dowolnym momencie wnie\u015b\u0107 sprzeciw wobec takiego przetwarzania, w tym profilowania, bez konieczno\u015bci wykazywania przyczyn zwi\u0105zanych ze swoj\u0105 szczeg\u00f3ln\u0105 sytuacj\u0105. Tylko wniesienie sprzeciwu wobec marketingu bezpo\u015bredniego, w tym profilowania, jest bezwzgl\u0119dnie skuteczne.<\/p>\n<p><strong>Zautomatyzowane podejmowanie decyzji, w tym profilowanie<\/strong><\/p>\n<p>Jako osoba, kt\u00f3rej dane dotycz\u0105, masz prawo nie podlega\u0107 decyzji, kt\u00f3ra:<\/p>\n<ul>\n<li>opiera si\u0119 wy\u0142\u0105cznie na zautomatyzowanym przetwarzaniu, w tym na profilowaniu,<\/li>\n<li>wywo\u0142uje wobec Ciebie skutki prawne lub wp\u0142ywa na Ciebie w istotny spos\u00f3b.<\/li>\n<\/ul>\n<p>Podejmowanie decyzji opartych wy\u0142\u0105cznie na zautomatyzowanym przetwarzaniu danych jest dopuszczalne, je\u017celi decyzja spe\u0142nia przynajmniej jeden z trzech warunk\u00f3w:<\/p>\n<ul>\n<li>jest niezb\u0119dna do zawarcia lub wykonania umowy pomi\u0119dzy Tob\u0105 a nami,<\/li>\n<li>jest dozwolona przepisami prawa,<\/li>\n<li>opiera si\u0119 Twojej zgodzie.<\/li>\n<\/ul>\n<p>Uwaga: Decyzje podejmowane z udzia\u0142em cz\u0142owieka (tj. gdy cz\u0142owiek ma bezpo\u015bredni wp\u0142yw na podj\u0119cie decyzji) nie podlegaj\u0105 powy\u017cszemu zakazowi.<\/p>\n<p><strong>Prawo wniesienia skargi do organu nadzorczego<\/strong><\/p>\n<p>Masz prawo do wniesienia skargi do Prezesa Urz\u0119du Ochrony Danych Osobowych, je\u017celi uwa\u017casz, \u017ce przetwarzamy Twoje dane osobowe<br \/>\nz naruszeniem przepis\u00f3w. Wszelkie niezb\u0119dne informacje znajdziesz na\u00a0<a href=\"http:\/\/www.uodo.gov.pl\/\">www.uodo.gov.pl<\/a>.<br \/>\n[\/vc_column_text][\/vc_column][\/vc_row][\/vc_section]<\/p>\n<\/div>","protected":false},"excerpt":{"rendered":"<p>[vc_section][vc_row][vc_column offset=&#8221;vc_col-lg-offset-1 vc_col-lg-10&#8243;][vc_column_text]Wskazane uprawnienia Mo\u017cesz wykona\u0107 droga mailow\u0105, wysy\u0142aj\u0105c email na adres: odo@gge.com.pl lub zwracaj\u0105c si\u0119 do nas pisemnie na adres: DUON Dystrybucja Sp. z o. o. w Wysogotowie, (62-081 Prze\u017amierowo) ul. Serdeczna 8. B\u0119dziemy wnikliwie weryfikowa\u0107 pro\u015bby, \u017c\u0105dania lub sprzeciwy zgodnie z obowi\u0105zuj\u0105cymi przepisami o ochronie danych osobowych. Informujemy jednocze\u015bnie, \u017ce wskazane poni\u017cej prawa [&hellip;]<\/p>\n","protected":false},"author":1,"featured_media":0,"parent":88,"menu_order":0,"comment_status":"closed","ping_status":"closed","template":"tpl-text-page.php","meta":{"_acf_changed":false,"footnotes":""},"class_list":["post-152","page","type-page","status-publish","hentry"],"yoast_head":"<!-- This site is optimized with the Yoast SEO plugin v27.3 - https:\/\/yoast.com\/product\/yoast-seo-wordpress\/ -->\n<title>Informacje o prawach przys\u0142uguj\u0105cych osobie, kt\u00f3rej dane s\u0105 przetwarzane - #LepiejNaGaz<\/title>\n<meta name=\"robots\" content=\"noindex, nofollow\" \/>\n<meta property=\"og:locale\" content=\"pl_PL\" \/>\n<meta property=\"og:type\" content=\"article\" \/>\n<meta property=\"og:title\" content=\"Informacje o prawach przys\u0142uguj\u0105cych osobie, kt\u00f3rej dane s\u0105 przetwarzane - #LepiejNaGaz\" \/>\n<meta property=\"og:description\" content=\"[vc_section][vc_row][vc_column offset=&#8221;vc_col-lg-offset-1 vc_col-lg-10&#8243;][vc_column_text]Wskazane uprawnienia Mo\u017cesz wykona\u0107 droga mailow\u0105, wysy\u0142aj\u0105c email na adres: odo@gge.com.pl lub zwracaj\u0105c si\u0119 do nas pisemnie na adres: DUON Dystrybucja Sp. z o. o. w Wysogotowie, (62-081 Prze\u017amierowo) ul. Serdeczna 8. B\u0119dziemy wnikliwie weryfikowa\u0107 pro\u015bby, \u017c\u0105dania lub sprzeciwy zgodnie z obowi\u0105zuj\u0105cymi przepisami o ochronie danych osobowych. Informujemy jednocze\u015bnie, \u017ce wskazane poni\u017cej prawa [&hellip;]\" \/>\n<meta property=\"og:url\" content=\"https:\/\/duon.pl\/lepiejnagaz\/rodo\/informacje-o-prawach-przyslugujacych-osobie-ktorej-dane-sa-przetwarzane\/\" \/>\n<meta property=\"og:site_name\" content=\"#LepiejNaGaz\" \/>\n<meta property=\"article:modified_time\" content=\"2025-02-13T06:49:10+00:00\" \/>\n<meta name=\"twitter:card\" content=\"summary_large_image\" \/>\n<meta name=\"twitter:label1\" content=\"Est. reading time\" \/>\n\t<meta name=\"twitter:data1\" content=\"6 minutes\" \/>\n<script type=\"application\/ld+json\" class=\"yoast-schema-graph\">{\"@context\":\"https:\\\/\\\/schema.org\",\"@graph\":[{\"@type\":\"Article\",\"@id\":\"https:\\\/\\\/duon.pl\\\/lepiejnagaz\\\/rodo\\\/informacje-o-prawach-przyslugujacych-osobie-ktorej-dane-sa-przetwarzane\\\/#article\",\"isPartOf\":{\"@id\":\"https:\\\/\\\/duon.pl\\\/lepiejnagaz\\\/rodo\\\/informacje-o-prawach-przyslugujacych-osobie-ktorej-dane-sa-przetwarzane\\\/\"},\"author\":{\"name\":\"m.trocha\",\"@id\":\"https:\\\/\\\/duon.pl\\\/lepiejnagaz\\\/#\\\/schema\\\/person\\\/93eca5dabb4ab335fbbfca8b9b1270f3\"},\"headline\":\"Informacje o prawach przys\u0142uguj\u0105cych osobie, kt\u00f3rej dane s\u0105 przetwarzane\",\"datePublished\":\"2020-04-30T09:12:06+00:00\",\"dateModified\":\"2025-02-13T06:49:10+00:00\",\"mainEntityOfPage\":{\"@id\":\"https:\\\/\\\/duon.pl\\\/lepiejnagaz\\\/rodo\\\/informacje-o-prawach-przyslugujacych-osobie-ktorej-dane-sa-przetwarzane\\\/\"},\"wordCount\":1044,\"publisher\":{\"@id\":\"https:\\\/\\\/duon.pl\\\/lepiejnagaz\\\/#organization\"},\"inLanguage\":\"pl-PL\"},{\"@type\":\"WebPage\",\"@id\":\"https:\\\/\\\/duon.pl\\\/lepiejnagaz\\\/rodo\\\/informacje-o-prawach-przyslugujacych-osobie-ktorej-dane-sa-przetwarzane\\\/\",\"url\":\"https:\\\/\\\/duon.pl\\\/lepiejnagaz\\\/rodo\\\/informacje-o-prawach-przyslugujacych-osobie-ktorej-dane-sa-przetwarzane\\\/\",\"name\":\"Informacje o prawach przys\u0142uguj\u0105cych osobie, kt\u00f3rej dane s\u0105 przetwarzane - #LepiejNaGaz\",\"isPartOf\":{\"@id\":\"https:\\\/\\\/duon.pl\\\/lepiejnagaz\\\/#website\"},\"datePublished\":\"2020-04-30T09:12:06+00:00\",\"dateModified\":\"2025-02-13T06:49:10+00:00\",\"breadcrumb\":{\"@id\":\"https:\\\/\\\/duon.pl\\\/lepiejnagaz\\\/rodo\\\/informacje-o-prawach-przyslugujacych-osobie-ktorej-dane-sa-przetwarzane\\\/#breadcrumb\"},\"inLanguage\":\"pl-PL\",\"potentialAction\":[{\"@type\":\"ReadAction\",\"target\":[\"https:\\\/\\\/duon.pl\\\/lepiejnagaz\\\/rodo\\\/informacje-o-prawach-przyslugujacych-osobie-ktorej-dane-sa-przetwarzane\\\/\"]}]},{\"@type\":\"BreadcrumbList\",\"@id\":\"https:\\\/\\\/duon.pl\\\/lepiejnagaz\\\/rodo\\\/informacje-o-prawach-przyslugujacych-osobie-ktorej-dane-sa-przetwarzane\\\/#breadcrumb\",\"itemListElement\":[{\"@type\":\"ListItem\",\"position\":1,\"name\":\"RODO\",\"item\":\"https:\\\/\\\/duon.pl\\\/lepiejnagaz\\\/rodo\\\/\"},{\"@type\":\"ListItem\",\"position\":2,\"name\":\"Informacje o prawach przys\u0142uguj\u0105cych osobie, kt\u00f3rej dane s\u0105 przetwarzane\"}]},{\"@type\":\"WebSite\",\"@id\":\"https:\\\/\\\/duon.pl\\\/lepiejnagaz\\\/#website\",\"url\":\"https:\\\/\\\/duon.pl\\\/lepiejnagaz\\\/\",\"name\":\"#LepiejNaGaz\",\"description\":\"\",\"publisher\":{\"@id\":\"https:\\\/\\\/duon.pl\\\/lepiejnagaz\\\/#organization\"},\"potentialAction\":[{\"@type\":\"SearchAction\",\"target\":{\"@type\":\"EntryPoint\",\"urlTemplate\":\"https:\\\/\\\/duon.pl\\\/lepiejnagaz\\\/?s={search_term_string}\"},\"query-input\":{\"@type\":\"PropertyValueSpecification\",\"valueRequired\":true,\"valueName\":\"search_term_string\"}}],\"inLanguage\":\"pl-PL\"},{\"@type\":\"Organization\",\"@id\":\"https:\\\/\\\/duon.pl\\\/lepiejnagaz\\\/#organization\",\"name\":\"DUON\",\"alternateName\":\"DUON\",\"url\":\"https:\\\/\\\/duon.pl\\\/lepiejnagaz\\\/\",\"logo\":{\"@type\":\"ImageObject\",\"inLanguage\":\"pl-PL\",\"@id\":\"https:\\\/\\\/duon.pl\\\/lepiejnagaz\\\/#\\\/schema\\\/logo\\\/image\\\/\",\"url\":\"https:\\\/\\\/duon.pl\\\/lepiejnagaz\\\/wp-content\\\/uploads\\\/sites\\\/5\\\/2020\\\/12\\\/cropped-favicon.png\",\"contentUrl\":\"https:\\\/\\\/duon.pl\\\/lepiejnagaz\\\/wp-content\\\/uploads\\\/sites\\\/5\\\/2020\\\/12\\\/cropped-favicon.png\",\"width\":512,\"height\":512,\"caption\":\"DUON\"},\"image\":{\"@id\":\"https:\\\/\\\/duon.pl\\\/lepiejnagaz\\\/#\\\/schema\\\/logo\\\/image\\\/\"}},{\"@type\":\"Person\",\"@id\":\"https:\\\/\\\/duon.pl\\\/lepiejnagaz\\\/#\\\/schema\\\/person\\\/93eca5dabb4ab335fbbfca8b9b1270f3\",\"name\":\"m.trocha\",\"image\":{\"@type\":\"ImageObject\",\"inLanguage\":\"pl-PL\",\"@id\":\"https:\\\/\\\/secure.gravatar.com\\\/avatar\\\/167d61f8d8e4706b769d610a372dabb6c62f2a4335cd0c5c1c6a723dc98be427?s=96&d=mm&r=g\",\"url\":\"https:\\\/\\\/secure.gravatar.com\\\/avatar\\\/167d61f8d8e4706b769d610a372dabb6c62f2a4335cd0c5c1c6a723dc98be427?s=96&d=mm&r=g\",\"contentUrl\":\"https:\\\/\\\/secure.gravatar.com\\\/avatar\\\/167d61f8d8e4706b769d610a372dabb6c62f2a4335cd0c5c1c6a723dc98be427?s=96&d=mm&r=g\",\"caption\":\"m.trocha\"}}]}<\/script>\n<!-- \/ Yoast SEO plugin. -->","yoast_head_json":{"title":"Informacje o prawach przys\u0142uguj\u0105cych osobie, kt\u00f3rej dane s\u0105 przetwarzane - #LepiejNaGaz","robots":{"index":"noindex","follow":"nofollow"},"og_locale":"pl_PL","og_type":"article","og_title":"Informacje o prawach przys\u0142uguj\u0105cych osobie, kt\u00f3rej dane s\u0105 przetwarzane - #LepiejNaGaz","og_description":"[vc_section][vc_row][vc_column offset=&#8221;vc_col-lg-offset-1 vc_col-lg-10&#8243;][vc_column_text]Wskazane uprawnienia Mo\u017cesz wykona\u0107 droga mailow\u0105, wysy\u0142aj\u0105c email na adres: odo@gge.com.pl lub zwracaj\u0105c si\u0119 do nas pisemnie na adres: DUON Dystrybucja Sp. z o. o. w Wysogotowie, (62-081 Prze\u017amierowo) ul. Serdeczna 8. B\u0119dziemy wnikliwie weryfikowa\u0107 pro\u015bby, \u017c\u0105dania lub sprzeciwy zgodnie z obowi\u0105zuj\u0105cymi przepisami o ochronie danych osobowych. Informujemy jednocze\u015bnie, \u017ce wskazane poni\u017cej prawa [&hellip;]","og_url":"https:\/\/duon.pl\/lepiejnagaz\/rodo\/informacje-o-prawach-przyslugujacych-osobie-ktorej-dane-sa-przetwarzane\/","og_site_name":"#LepiejNaGaz","article_modified_time":"2025-02-13T06:49:10+00:00","twitter_card":"summary_large_image","twitter_misc":{"Est. reading time":"6 minutes"},"schema":{"@context":"https:\/\/schema.org","@graph":[{"@type":"Article","@id":"https:\/\/duon.pl\/lepiejnagaz\/rodo\/informacje-o-prawach-przyslugujacych-osobie-ktorej-dane-sa-przetwarzane\/#article","isPartOf":{"@id":"https:\/\/duon.pl\/lepiejnagaz\/rodo\/informacje-o-prawach-przyslugujacych-osobie-ktorej-dane-sa-przetwarzane\/"},"author":{"name":"m.trocha","@id":"https:\/\/duon.pl\/lepiejnagaz\/#\/schema\/person\/93eca5dabb4ab335fbbfca8b9b1270f3"},"headline":"Informacje o prawach przys\u0142uguj\u0105cych osobie, kt\u00f3rej dane s\u0105 przetwarzane","datePublished":"2020-04-30T09:12:06+00:00","dateModified":"2025-02-13T06:49:10+00:00","mainEntityOfPage":{"@id":"https:\/\/duon.pl\/lepiejnagaz\/rodo\/informacje-o-prawach-przyslugujacych-osobie-ktorej-dane-sa-przetwarzane\/"},"wordCount":1044,"publisher":{"@id":"https:\/\/duon.pl\/lepiejnagaz\/#organization"},"inLanguage":"pl-PL"},{"@type":"WebPage","@id":"https:\/\/duon.pl\/lepiejnagaz\/rodo\/informacje-o-prawach-przyslugujacych-osobie-ktorej-dane-sa-przetwarzane\/","url":"https:\/\/duon.pl\/lepiejnagaz\/rodo\/informacje-o-prawach-przyslugujacych-osobie-ktorej-dane-sa-przetwarzane\/","name":"Informacje o prawach przys\u0142uguj\u0105cych osobie, kt\u00f3rej dane s\u0105 przetwarzane - #LepiejNaGaz","isPartOf":{"@id":"https:\/\/duon.pl\/lepiejnagaz\/#website"},"datePublished":"2020-04-30T09:12:06+00:00","dateModified":"2025-02-13T06:49:10+00:00","breadcrumb":{"@id":"https:\/\/duon.pl\/lepiejnagaz\/rodo\/informacje-o-prawach-przyslugujacych-osobie-ktorej-dane-sa-przetwarzane\/#breadcrumb"},"inLanguage":"pl-PL","potentialAction":[{"@type":"ReadAction","target":["https:\/\/duon.pl\/lepiejnagaz\/rodo\/informacje-o-prawach-przyslugujacych-osobie-ktorej-dane-sa-przetwarzane\/"]}]},{"@type":"BreadcrumbList","@id":"https:\/\/duon.pl\/lepiejnagaz\/rodo\/informacje-o-prawach-przyslugujacych-osobie-ktorej-dane-sa-przetwarzane\/#breadcrumb","itemListElement":[{"@type":"ListItem","position":1,"name":"RODO","item":"https:\/\/duon.pl\/lepiejnagaz\/rodo\/"},{"@type":"ListItem","position":2,"name":"Informacje o prawach przys\u0142uguj\u0105cych osobie, kt\u00f3rej dane s\u0105 przetwarzane"}]},{"@type":"WebSite","@id":"https:\/\/duon.pl\/lepiejnagaz\/#website","url":"https:\/\/duon.pl\/lepiejnagaz\/","name":"#LepiejNaGaz","description":"","publisher":{"@id":"https:\/\/duon.pl\/lepiejnagaz\/#organization"},"potentialAction":[{"@type":"SearchAction","target":{"@type":"EntryPoint","urlTemplate":"https:\/\/duon.pl\/lepiejnagaz\/?s={search_term_string}"},"query-input":{"@type":"PropertyValueSpecification","valueRequired":true,"valueName":"search_term_string"}}],"inLanguage":"pl-PL"},{"@type":"Organization","@id":"https:\/\/duon.pl\/lepiejnagaz\/#organization","name":"DUON","alternateName":"DUON","url":"https:\/\/duon.pl\/lepiejnagaz\/","logo":{"@type":"ImageObject","inLanguage":"pl-PL","@id":"https:\/\/duon.pl\/lepiejnagaz\/#\/schema\/logo\/image\/","url":"https:\/\/duon.pl\/lepiejnagaz\/wp-content\/uploads\/sites\/5\/2020\/12\/cropped-favicon.png","contentUrl":"https:\/\/duon.pl\/lepiejnagaz\/wp-content\/uploads\/sites\/5\/2020\/12\/cropped-favicon.png","width":512,"height":512,"caption":"DUON"},"image":{"@id":"https:\/\/duon.pl\/lepiejnagaz\/#\/schema\/logo\/image\/"}},{"@type":"Person","@id":"https:\/\/duon.pl\/lepiejnagaz\/#\/schema\/person\/93eca5dabb4ab335fbbfca8b9b1270f3","name":"m.trocha","image":{"@type":"ImageObject","inLanguage":"pl-PL","@id":"https:\/\/secure.gravatar.com\/avatar\/167d61f8d8e4706b769d610a372dabb6c62f2a4335cd0c5c1c6a723dc98be427?s=96&d=mm&r=g","url":"https:\/\/secure.gravatar.com\/avatar\/167d61f8d8e4706b769d610a372dabb6c62f2a4335cd0c5c1c6a723dc98be427?s=96&d=mm&r=g","contentUrl":"https:\/\/secure.gravatar.com\/avatar\/167d61f8d8e4706b769d610a372dabb6c62f2a4335cd0c5c1c6a723dc98be427?s=96&d=mm&r=g","caption":"m.trocha"}}]}},"acf":[],"_links":{"self":[{"href":"https:\/\/duon.pl\/lepiejnagaz\/wp-json\/wp\/v2\/pages\/152","targetHints":{"allow":["GET"]}}],"collection":[{"href":"https:\/\/duon.pl\/lepiejnagaz\/wp-json\/wp\/v2\/pages"}],"about":[{"href":"https:\/\/duon.pl\/lepiejnagaz\/wp-json\/wp\/v2\/types\/page"}],"author":[{"embeddable":true,"href":"https:\/\/duon.pl\/lepiejnagaz\/wp-json\/wp\/v2\/users\/1"}],"replies":[{"embeddable":true,"href":"https:\/\/duon.pl\/lepiejnagaz\/wp-json\/wp\/v2\/comments?post=152"}],"version-history":[{"count":1,"href":"https:\/\/duon.pl\/lepiejnagaz\/wp-json\/wp\/v2\/pages\/152\/revisions"}],"predecessor-version":[{"id":289,"href":"https:\/\/duon.pl\/lepiejnagaz\/wp-json\/wp\/v2\/pages\/152\/revisions\/289"}],"up":[{"embeddable":true,"href":"https:\/\/duon.pl\/lepiejnagaz\/wp-json\/wp\/v2\/pages\/88"}],"wp:attachment":[{"href":"https:\/\/duon.pl\/lepiejnagaz\/wp-json\/wp\/v2\/media?parent=152"}],"curies":[{"name":"wp","href":"https:\/\/api.w.org\/{rel}","templated":true}]}}