{"id":214,"date":"2020-12-14T12:48:18","date_gmt":"2020-12-14T11:48:18","guid":{"rendered":"https:\/\/duon.pl\/lepiejnagaz\/\/?page_id=214"},"modified":"2021-04-28T14:38:01","modified_gmt":"2021-04-28T12:38:01","slug":"dla-domu","status":"publish","type":"page","link":"https:\/\/duon.pl\/lepiejnagaz\/dla-domu\/","title":{"rendered":"Dla domu"},"content":{"rendered":"<div class=\"wpb-content-wrapper\"><p>[vc_section][vc_row][vc_column]\n            <div class=\"row\">\n                            <div class=\"col-12 col-lg-4\">\n                    <article class=\"article\">\n                        <a href=\"https:\/\/duon.pl\/lepiejnagaz\/7-najwazniejszych-zalet-gazu-ziemnego\/\" role=\"img\" alt=\"zalety-gazu-ziemnego\" class=\"article__image\" style=\"display:block; background-image: url('https:\/\/duon.pl\/lepiejnagaz\/wp-content\/uploads\/sites\/5\/2020\/06\/gaz_sieciowy-scaled.jpeg') \">\n                        <\/a>\n                        <div class=\"article__body\">\n                            <div class=\"article__text match-height\">\n                                <a href=\"https:\/\/duon.pl\/lepiejnagaz\/7-najwazniejszych-zalet-gazu-ziemnego\/\" data-category=\"13\" class=\"category-click article__hdl-link\">\n                                    <h4 class=\"article__hdl\">7 najwa\u017cniejszych zalet gazu ziemnego<\/h4>\n                                <\/a>\n                                <div class=\"article__date\">\n                                    <div class=\"row align-items-center\">\n                                        <div class=\"col-auto text-nowrap\"><time datetime=\"2020-06-02\">2. Czerwiec 2020<\/time><\/div>\n                                        <div class=\"col text-right\">\n                                            <div class=\"article__reading-time article__reading-time--category\">Ten tekst przeczytasz w&nbsp;2&nbsp;minuty<\/div>\n                                        <\/div>\n                                    <\/div>\n                                <\/div>\n                                <div class=\"article__perex\">\n                                    <p> Komfort u\u017cytkowania, bezpiecze\u0144stwo, realne oszcz\u0119dno\u015bci. Gaz ziemny jest aktualnie najlepszym dost\u0119pnym paliwem do u\u017cytku domowego z wielu powod\u00f3w.  <\/p>\n                                <\/div>\n                            <\/div>\n                            <div class=\"article__btn\">\n                                <a href=\"https:\/\/duon.pl\/lepiejnagaz\/7-najwazniejszych-zalet-gazu-ziemnego\/\" data-category=\"13\" class=\"category-click btn btn--primary btn--xs btn--arrow-right\">Czytaj dalej<\/a>\n                            <\/div>\n                        <\/div>\n                    <\/article>\n                <\/div>\n                            <div class=\"col-12 col-lg-4\">\n                    <article class=\"article\">\n                        <a href=\"https:\/\/duon.pl\/lepiejnagaz\/jak-wlasciwie-uzytkowac-instalacje-gazowa\/\" role=\"img\" alt=\"uzytkowanie-instalacji-gazowej\" class=\"article__image\" style=\"display:block; background-image: url('https:\/\/duon.pl\/lepiejnagaz\/wp-content\/uploads\/sites\/5\/2020\/02\/uzytkowanie-instalacji-gazowej.jpg') \">\n                        <\/a>\n                        <div class=\"article__body\">\n                            <div class=\"article__text match-height\">\n                                <a href=\"https:\/\/duon.pl\/lepiejnagaz\/jak-wlasciwie-uzytkowac-instalacje-gazowa\/\" data-category=\"13\" class=\"category-click article__hdl-link\">\n                                    <h4 class=\"article__hdl\">Jak w\u0142a\u015bciwie u\u017cytkowa\u0107 instalacj\u0119 gazow\u0105?<\/h4>\n                                <\/a>\n                                <div class=\"article__date\">\n                                    <div class=\"row align-items-center\">\n                                        <div class=\"col-auto text-nowrap\"><time datetime=\"2020-02-04\">4. Luty 2020<\/time><\/div>\n                                        <div class=\"col text-right\">\n                                            <div class=\"article__reading-time article__reading-time--category\">Ten tekst przeczytasz w&nbsp;2&nbsp;minuty<\/div>\n                                        <\/div>\n                                    <\/div>\n                                <\/div>\n                                <div class=\"article__perex\">\n                                    <p> Wed\u0142ug G\u0142\u00f3wnego Inspektora Nadzoru Budowlanego w 2018 roku wydarzy\u0142o si\u0119 w Polsce do 249 katastrof budowlanych, w tym 19 z nich spowodowa\u0142 wybuch instalacji gazowej.  <\/p>\n                                <\/div>\n                            <\/div>\n                            <div class=\"article__btn\">\n                                <a href=\"https:\/\/duon.pl\/lepiejnagaz\/jak-wlasciwie-uzytkowac-instalacje-gazowa\/\" data-category=\"13\" class=\"category-click btn btn--primary btn--xs btn--arrow-right\">Czytaj dalej<\/a>\n                            <\/div>\n                        <\/div>\n                    <\/article>\n                <\/div>\n                            <div class=\"col-12 col-lg-4\">\n                    <article class=\"article\">\n                        <a href=\"https:\/\/duon.pl\/lepiejnagaz\/jak-oszczedzac-gaz\/\" role=\"img\" alt=\"sposoby-oszczedzania-gazu\" class=\"article__image\" style=\"display:block; background-image: url('https:\/\/duon.pl\/lepiejnagaz\/wp-content\/uploads\/sites\/5\/2019\/11\/sposoby-oszczedzania-gazu.jpg') \">\n                        <\/a>\n                        <div class=\"article__body\">\n                            <div class=\"article__text match-height\">\n                                <a href=\"https:\/\/duon.pl\/lepiejnagaz\/jak-oszczedzac-gaz\/\" data-category=\"13\" class=\"category-click article__hdl-link\">\n                                    <h4 class=\"article__hdl\">Jak oszcz\u0119dza\u0107 gaz?<\/h4>\n                                <\/a>\n                                <div class=\"article__date\">\n                                    <div class=\"row align-items-center\">\n                                        <div class=\"col-auto text-nowrap\"><time datetime=\"2019-11-07\">7. Listopad 2019<\/time><\/div>\n                                        <div class=\"col text-right\">\n                                            <div class=\"article__reading-time article__reading-time--category\">Ten tekst przeczytasz w&nbsp;2&nbsp;minuty<\/div>\n                                        <\/div>\n                                    <\/div>\n                                <\/div>\n                                <div class=\"article__perex\">\n                                    <p> Wraz z nadej\u015bciem zimy zastanawiamy si\u0119, w jaki spos\u00f3b oszcz\u0119dza\u0107 gaz, a tym samym zmniejszy\u0107 swoje rachunki. Istnieje kilka sposob\u00f3w na to, aby sprosta\u0107 temu wyzwaniu <\/p>\n                                <\/div>\n                            <\/div>\n                            <div class=\"article__btn\">\n                                <a href=\"https:\/\/duon.pl\/lepiejnagaz\/jak-oszczedzac-gaz\/\" data-category=\"13\" class=\"category-click btn btn--primary btn--xs btn--arrow-right\">Czytaj dalej<\/a>\n                            <\/div>\n                        <\/div>\n                    <\/article>\n                <\/div>\n                            <div class=\"col-12 col-lg-4\">\n                    <article class=\"article\">\n                        <a href=\"https:\/\/duon.pl\/lepiejnagaz\/jak-walczyc-ze-smogiem-w-domu\/\" role=\"img\" alt=\"walka-ze-smokiem\" class=\"article__image\" style=\"display:block; background-image: url('https:\/\/duon.pl\/lepiejnagaz\/wp-content\/uploads\/sites\/5\/2019\/10\/walka-ze-smokiem.jpg') \">\n                        <\/a>\n                        <div class=\"article__body\">\n                            <div class=\"article__text match-height\">\n                                <a href=\"https:\/\/duon.pl\/lepiejnagaz\/jak-walczyc-ze-smogiem-w-domu\/\" data-category=\"13\" class=\"category-click article__hdl-link\">\n                                    <h4 class=\"article__hdl\">Jak walczy\u0107 ze smogiem w domu?<\/h4>\n                                <\/a>\n                                <div class=\"article__date\">\n                                    <div class=\"row align-items-center\">\n                                        <div class=\"col-auto text-nowrap\"><time datetime=\"2019-11-07\">7. Listopad 2019<\/time><\/div>\n                                        <div class=\"col text-right\">\n                                            <div class=\"article__reading-time article__reading-time--category\">Ten tekst przeczytasz w&nbsp;2&nbsp;minuty<\/div>\n                                        <\/div>\n                                    <\/div>\n                                <\/div>\n                                <div class=\"article__perex\">\n                                    <p> Fatalna jako\u015b\u0107 powietrza powinna sk\u0142oni\u0107 ka\u017cdego z nas nie tylko do refleksji, ale i do podj\u0119cia konkretnych dzia\u0142a\u0144 na rzecz walki ze smogiem w domu <\/p>\n                                <\/div>\n                            <\/div>\n                            <div class=\"article__btn\">\n                                <a href=\"https:\/\/duon.pl\/lepiejnagaz\/jak-walczyc-ze-smogiem-w-domu\/\" data-category=\"13\" class=\"category-click btn btn--primary btn--xs btn--arrow-right\">Czytaj dalej<\/a>\n                            <\/div>\n                        <\/div>\n                    <\/article>\n                <\/div>\n                            <div class=\"col-12 col-lg-4\">\n                    <article class=\"article\">\n                        <a href=\"https:\/\/duon.pl\/lepiejnagaz\/gaz-ziemny-a-ochrona-srodowiska\/\" role=\"img\" alt=\"\" class=\"article__image\" style=\"display:block; background-image: url('https:\/\/duon.pl\/lepiejnagaz\/wp-content\/uploads\/sites\/5\/2019\/10\/Blog_gaz-ziemny-a-srodowisko.png') \">\n                        <\/a>\n                        <div class=\"article__body\">\n                            <div class=\"article__text match-height\">\n                                <a href=\"https:\/\/duon.pl\/lepiejnagaz\/gaz-ziemny-a-ochrona-srodowiska\/\" data-category=\"13\" class=\"category-click article__hdl-link\">\n                                    <h4 class=\"article__hdl\">Gaz ziemny a ochrona \u015brodowiska<\/h4>\n                                <\/a>\n                                <div class=\"article__date\">\n                                    <div class=\"row align-items-center\">\n                                        <div class=\"col-auto text-nowrap\"><time datetime=\"2019-10-25\">25. Pa\u017adziernik 2019<\/time><\/div>\n                                        <div class=\"col text-right\">\n                                            <div class=\"article__reading-time article__reading-time--category\">Ten tekst przeczytasz w&nbsp;2&nbsp;minuty<\/div>\n                                        <\/div>\n                                    <\/div>\n                                <\/div>\n                                <div class=\"article__perex\">\n                                    <p> Warto przyjrze\u0107 si\u0119 czynnikom wp\u0142ywaj\u0105cym na zgodno\u015b\u0107 gazu ziemnego z ekologi\u0105 <\/p>\n                                <\/div>\n                            <\/div>\n                            <div class=\"article__btn\">\n                                <a href=\"https:\/\/duon.pl\/lepiejnagaz\/gaz-ziemny-a-ochrona-srodowiska\/\" data-category=\"13\" class=\"category-click btn btn--primary btn--xs btn--arrow-right\">Czytaj dalej<\/a>\n                            <\/div>\n                        <\/div>\n                    <\/article>\n                <\/div>\n                    <\/div>\n    \n[\/vc_column][\/vc_row][\/vc_section]<\/p>\n<\/div>","protected":false},"excerpt":{"rendered":"<p>[vc_section][vc_row][vc_column][\/vc_column][\/vc_row][\/vc_section]<\/p>\n","protected":false},"author":1,"featured_media":0,"parent":0,"menu_order":0,"comment_status":"closed","ping_status":"closed","template":"tpl-category-page.php","meta":{"_acf_changed":false,"footnotes":""},"class_list":["post-214","page","type-page","status-publish","hentry"],"yoast_head":"<!-- This site is optimized with the Yoast SEO plugin v27.3 - https:\/\/yoast.com\/product\/yoast-seo-wordpress\/ -->\n<title>LNG dla domu, gaz ziemny - #LepiejNaGaz<\/title>\n<meta name=\"description\" content=\"Oszcz\u0119dno\u015bci, ochrona \u015brodowiska, wygoda, bezpiecze\u0144stwo. Ogrzewanie domu gazem \u2013 poznaj szczeg\u00f3\u0142y\" \/>\n<meta name=\"robots\" content=\"index, follow, max-snippet:-1, max-image-preview:large, max-video-preview:-1\" \/>\n<link rel=\"canonical\" href=\"https:\/\/duon.pl\/lepiejnagaz\/dla-domu\/\" \/>\n<meta property=\"og:locale\" content=\"pl_PL\" \/>\n<meta property=\"og:type\" content=\"article\" \/>\n<meta property=\"og:title\" content=\"LNG dla domu, gaz ziemny - #LepiejNaGaz\" \/>\n<meta property=\"og:description\" content=\"Oszcz\u0119dno\u015bci, ochrona \u015brodowiska, wygoda, bezpiecze\u0144stwo. Ogrzewanie domu gazem \u2013 poznaj szczeg\u00f3\u0142y\" \/>\n<meta property=\"og:url\" content=\"https:\/\/duon.pl\/lepiejnagaz\/dla-domu\/\" \/>\n<meta property=\"og:site_name\" content=\"#LepiejNaGaz\" \/>\n<meta property=\"article:modified_time\" content=\"2021-04-28T12:38:01+00:00\" \/>\n<meta name=\"twitter:card\" content=\"summary_large_image\" \/>\n<script type=\"application\/ld+json\" class=\"yoast-schema-graph\">{\"@context\":\"https:\\\/\\\/schema.org\",\"@graph\":[{\"@type\":\"Article\",\"@id\":\"https:\\\/\\\/duon.pl\\\/lepiejnagaz\\\/dla-domu\\\/#article\",\"isPartOf\":{\"@id\":\"https:\\\/\\\/duon.pl\\\/lepiejnagaz\\\/dla-domu\\\/\"},\"author\":{\"name\":\"m.trocha\",\"@id\":\"https:\\\/\\\/duon.pl\\\/lepiejnagaz\\\/#\\\/schema\\\/person\\\/93eca5dabb4ab335fbbfca8b9b1270f3\"},\"headline\":\"Dla domu\",\"datePublished\":\"2020-12-14T11:48:18+00:00\",\"dateModified\":\"2021-04-28T12:38:01+00:00\",\"mainEntityOfPage\":{\"@id\":\"https:\\\/\\\/duon.pl\\\/lepiejnagaz\\\/dla-domu\\\/\"},\"wordCount\":19,\"publisher\":{\"@id\":\"https:\\\/\\\/duon.pl\\\/lepiejnagaz\\\/#organization\"},\"inLanguage\":\"pl-PL\"},{\"@type\":\"WebPage\",\"@id\":\"https:\\\/\\\/duon.pl\\\/lepiejnagaz\\\/dla-domu\\\/\",\"url\":\"https:\\\/\\\/duon.pl\\\/lepiejnagaz\\\/dla-domu\\\/\",\"name\":\"LNG dla domu, gaz ziemny - #LepiejNaGaz\",\"isPartOf\":{\"@id\":\"https:\\\/\\\/duon.pl\\\/lepiejnagaz\\\/#website\"},\"datePublished\":\"2020-12-14T11:48:18+00:00\",\"dateModified\":\"2021-04-28T12:38:01+00:00\",\"description\":\"Oszcz\u0119dno\u015bci, ochrona \u015brodowiska, wygoda, bezpiecze\u0144stwo. Ogrzewanie domu gazem \u2013 poznaj szczeg\u00f3\u0142y\",\"inLanguage\":\"pl-PL\",\"potentialAction\":[{\"@type\":\"ReadAction\",\"target\":[\"https:\\\/\\\/duon.pl\\\/lepiejnagaz\\\/dla-domu\\\/\"]}]},{\"@type\":\"WebSite\",\"@id\":\"https:\\\/\\\/duon.pl\\\/lepiejnagaz\\\/#website\",\"url\":\"https:\\\/\\\/duon.pl\\\/lepiejnagaz\\\/\",\"name\":\"#LepiejNaGaz\",\"description\":\"\",\"publisher\":{\"@id\":\"https:\\\/\\\/duon.pl\\\/lepiejnagaz\\\/#organization\"},\"potentialAction\":[{\"@type\":\"SearchAction\",\"target\":{\"@type\":\"EntryPoint\",\"urlTemplate\":\"https:\\\/\\\/duon.pl\\\/lepiejnagaz\\\/?s={search_term_string}\"},\"query-input\":{\"@type\":\"PropertyValueSpecification\",\"valueRequired\":true,\"valueName\":\"search_term_string\"}}],\"inLanguage\":\"pl-PL\"},{\"@type\":\"Organization\",\"@id\":\"https:\\\/\\\/duon.pl\\\/lepiejnagaz\\\/#organization\",\"name\":\"DUON\",\"alternateName\":\"DUON\",\"url\":\"https:\\\/\\\/duon.pl\\\/lepiejnagaz\\\/\",\"logo\":{\"@type\":\"ImageObject\",\"inLanguage\":\"pl-PL\",\"@id\":\"https:\\\/\\\/duon.pl\\\/lepiejnagaz\\\/#\\\/schema\\\/logo\\\/image\\\/\",\"url\":\"https:\\\/\\\/duon.pl\\\/lepiejnagaz\\\/wp-content\\\/uploads\\\/sites\\\/5\\\/2020\\\/12\\\/cropped-favicon.png\",\"contentUrl\":\"https:\\\/\\\/duon.pl\\\/lepiejnagaz\\\/wp-content\\\/uploads\\\/sites\\\/5\\\/2020\\\/12\\\/cropped-favicon.png\",\"width\":512,\"height\":512,\"caption\":\"DUON\"},\"image\":{\"@id\":\"https:\\\/\\\/duon.pl\\\/lepiejnagaz\\\/#\\\/schema\\\/logo\\\/image\\\/\"}},{\"@type\":\"Person\",\"@id\":\"https:\\\/\\\/duon.pl\\\/lepiejnagaz\\\/#\\\/schema\\\/person\\\/93eca5dabb4ab335fbbfca8b9b1270f3\",\"name\":\"m.trocha\",\"image\":{\"@type\":\"ImageObject\",\"inLanguage\":\"pl-PL\",\"@id\":\"https:\\\/\\\/secure.gravatar.com\\\/avatar\\\/167d61f8d8e4706b769d610a372dabb6c62f2a4335cd0c5c1c6a723dc98be427?s=96&d=mm&r=g\",\"url\":\"https:\\\/\\\/secure.gravatar.com\\\/avatar\\\/167d61f8d8e4706b769d610a372dabb6c62f2a4335cd0c5c1c6a723dc98be427?s=96&d=mm&r=g\",\"contentUrl\":\"https:\\\/\\\/secure.gravatar.com\\\/avatar\\\/167d61f8d8e4706b769d610a372dabb6c62f2a4335cd0c5c1c6a723dc98be427?s=96&d=mm&r=g\",\"caption\":\"m.trocha\"}}]}<\/script>\n<!-- \/ Yoast SEO plugin. -->","yoast_head_json":{"title":"LNG dla domu, gaz ziemny - #LepiejNaGaz","description":"Oszcz\u0119dno\u015bci, ochrona \u015brodowiska, wygoda, bezpiecze\u0144stwo. Ogrzewanie domu gazem \u2013 poznaj szczeg\u00f3\u0142y","robots":{"index":"index","follow":"follow","max-snippet":"max-snippet:-1","max-image-preview":"max-image-preview:large","max-video-preview":"max-video-preview:-1"},"canonical":"https:\/\/duon.pl\/lepiejnagaz\/dla-domu\/","og_locale":"pl_PL","og_type":"article","og_title":"LNG dla domu, gaz ziemny - #LepiejNaGaz","og_description":"Oszcz\u0119dno\u015bci, ochrona \u015brodowiska, wygoda, bezpiecze\u0144stwo. Ogrzewanie domu gazem \u2013 poznaj szczeg\u00f3\u0142y","og_url":"https:\/\/duon.pl\/lepiejnagaz\/dla-domu\/","og_site_name":"#LepiejNaGaz","article_modified_time":"2021-04-28T12:38:01+00:00","twitter_card":"summary_large_image","schema":{"@context":"https:\/\/schema.org","@graph":[{"@type":"Article","@id":"https:\/\/duon.pl\/lepiejnagaz\/dla-domu\/#article","isPartOf":{"@id":"https:\/\/duon.pl\/lepiejnagaz\/dla-domu\/"},"author":{"name":"m.trocha","@id":"https:\/\/duon.pl\/lepiejnagaz\/#\/schema\/person\/93eca5dabb4ab335fbbfca8b9b1270f3"},"headline":"Dla domu","datePublished":"2020-12-14T11:48:18+00:00","dateModified":"2021-04-28T12:38:01+00:00","mainEntityOfPage":{"@id":"https:\/\/duon.pl\/lepiejnagaz\/dla-domu\/"},"wordCount":19,"publisher":{"@id":"https:\/\/duon.pl\/lepiejnagaz\/#organization"},"inLanguage":"pl-PL"},{"@type":"WebPage","@id":"https:\/\/duon.pl\/lepiejnagaz\/dla-domu\/","url":"https:\/\/duon.pl\/lepiejnagaz\/dla-domu\/","name":"LNG dla domu, gaz ziemny - #LepiejNaGaz","isPartOf":{"@id":"https:\/\/duon.pl\/lepiejnagaz\/#website"},"datePublished":"2020-12-14T11:48:18+00:00","dateModified":"2021-04-28T12:38:01+00:00","description":"Oszcz\u0119dno\u015bci, ochrona \u015brodowiska, wygoda, bezpiecze\u0144stwo. Ogrzewanie domu gazem \u2013 poznaj szczeg\u00f3\u0142y","inLanguage":"pl-PL","potentialAction":[{"@type":"ReadAction","target":["https:\/\/duon.pl\/lepiejnagaz\/dla-domu\/"]}]},{"@type":"WebSite","@id":"https:\/\/duon.pl\/lepiejnagaz\/#website","url":"https:\/\/duon.pl\/lepiejnagaz\/","name":"#LepiejNaGaz","description":"","publisher":{"@id":"https:\/\/duon.pl\/lepiejnagaz\/#organization"},"potentialAction":[{"@type":"SearchAction","target":{"@type":"EntryPoint","urlTemplate":"https:\/\/duon.pl\/lepiejnagaz\/?s={search_term_string}"},"query-input":{"@type":"PropertyValueSpecification","valueRequired":true,"valueName":"search_term_string"}}],"inLanguage":"pl-PL"},{"@type":"Organization","@id":"https:\/\/duon.pl\/lepiejnagaz\/#organization","name":"DUON","alternateName":"DUON","url":"https:\/\/duon.pl\/lepiejnagaz\/","logo":{"@type":"ImageObject","inLanguage":"pl-PL","@id":"https:\/\/duon.pl\/lepiejnagaz\/#\/schema\/logo\/image\/","url":"https:\/\/duon.pl\/lepiejnagaz\/wp-content\/uploads\/sites\/5\/2020\/12\/cropped-favicon.png","contentUrl":"https:\/\/duon.pl\/lepiejnagaz\/wp-content\/uploads\/sites\/5\/2020\/12\/cropped-favicon.png","width":512,"height":512,"caption":"DUON"},"image":{"@id":"https:\/\/duon.pl\/lepiejnagaz\/#\/schema\/logo\/image\/"}},{"@type":"Person","@id":"https:\/\/duon.pl\/lepiejnagaz\/#\/schema\/person\/93eca5dabb4ab335fbbfca8b9b1270f3","name":"m.trocha","image":{"@type":"ImageObject","inLanguage":"pl-PL","@id":"https:\/\/secure.gravatar.com\/avatar\/167d61f8d8e4706b769d610a372dabb6c62f2a4335cd0c5c1c6a723dc98be427?s=96&d=mm&r=g","url":"https:\/\/secure.gravatar.com\/avatar\/167d61f8d8e4706b769d610a372dabb6c62f2a4335cd0c5c1c6a723dc98be427?s=96&d=mm&r=g","contentUrl":"https:\/\/secure.gravatar.com\/avatar\/167d61f8d8e4706b769d610a372dabb6c62f2a4335cd0c5c1c6a723dc98be427?s=96&d=mm&r=g","caption":"m.trocha"}}]}},"acf":[],"_links":{"self":[{"href":"https:\/\/duon.pl\/lepiejnagaz\/wp-json\/wp\/v2\/pages\/214","targetHints":{"allow":["GET"]}}],"collection":[{"href":"https:\/\/duon.pl\/lepiejnagaz\/wp-json\/wp\/v2\/pages"}],"about":[{"href":"https:\/\/duon.pl\/lepiejnagaz\/wp-json\/wp\/v2\/types\/page"}],"author":[{"embeddable":true,"href":"https:\/\/duon.pl\/lepiejnagaz\/wp-json\/wp\/v2\/users\/1"}],"replies":[{"embeddable":true,"href":"https:\/\/duon.pl\/lepiejnagaz\/wp-json\/wp\/v2\/comments?post=214"}],"version-history":[{"count":1,"href":"https:\/\/duon.pl\/lepiejnagaz\/wp-json\/wp\/v2\/pages\/214\/revisions"}],"predecessor-version":[{"id":215,"href":"https:\/\/duon.pl\/lepiejnagaz\/wp-json\/wp\/v2\/pages\/214\/revisions\/215"}],"wp:attachment":[{"href":"https:\/\/duon.pl\/lepiejnagaz\/wp-json\/wp\/v2\/media?parent=214"}],"curies":[{"name":"wp","href":"https:\/\/api.w.org\/{rel}","templated":true}]}}