{"id":88,"date":"2020-01-10T13:06:44","date_gmt":"2020-01-10T12:06:44","guid":{"rendered":"https:\/\/lepiejnagaz.pl\/?page_id=88"},"modified":"2025-02-13T07:48:34","modified_gmt":"2025-02-13T06:48:34","slug":"rodo","status":"publish","type":"page","link":"https:\/\/duon.pl\/lepiejnagaz\/rodo\/","title":{"rendered":"RODO"},"content":{"rendered":"<div class=\"wpb-content-wrapper\"><p>[vc_section][vc_row][vc_column offset=&#8221;vc_col-lg-offset-1 vc_col-lg-10&#8243;][vc_column_text]Szanowni Pa\u0144stwo<\/p>\n<p>Od 25 maja 2018 r. we wszystkich krajach Unii Europejskiej obowi\u0105zuje rozporz\u0105dzenie Parlamentu Europejskiego i Rady (UE) 2016\/679 z dnia 27 kwietnia 2016 r. w sprawie ochrony os\u00f3b fizycznych w zwi\u0105zku z przetwarzaniem danych osobowych i w sprawie swobodnego przep\u0142ywu takich danych oraz uchylenia dyrektywy 95\/46\/WE (og\u00f3lne rozporz\u0105dzenie o ochronie danych osobowych) dalej zw. RODO.<\/p>\n<p>W zwi\u0105zku z wymogami ustawowymi oraz w trosce o zapewnienie przejrzysto\u015bci informacji przygotowali\u015bmy dla Pa\u0144stwa zestaw informacji, kt\u00f3re maj\u0105 na celu pom\u00f3c Pa\u0144stwu zrozumie\u0107 nowe przepisy oraz uzyska\u0107 informacje w zakresie: kiedy i dlaczego przetwarzamy Pa\u0144stwa dane osobowe oraz w jaki spos\u00f3b mog\u0105 Pa\u0144stwo sk\u0142ada\u0107 Swoje \u017c\u0105dania zwi\u0105zane z przetwarzaniem tych danych, jak skontaktowa\u0107 si\u0119 z Inspektorem Ochrony Danych oraz jak uzyskacie Pa\u0144stwo informacje gdy wyst\u0105pi sytuacja o naruszaj\u0105ca bezpiecze\u0144stwo Pani\/Pana danych osobowych.<\/p>\n<p>Zach\u0119camy Pa\u0144stwa do zapoznania z tre\u015bci\u0105 przygotowanych informacji.<\/p>\n<p>RODO, zapoznaj si\u0119 z najwa\u017cniejszymi informacjami \u2013 <a href=\"https:\/\/duon.pl\/lepiejnagaz\/\/rodo\/najwazniejsze-informacje-o-rodo\/\">tutaj<\/a>.<\/p>\n<p>Zasady przetwarzania danych osobowych przez DUON Dystrybucja Sp. z o. o. \u2013 <a href=\"https:\/\/duon.pl\/lepiejnagaz\/\/rodo\/zasady-przetwarzania-danych-osobowych\/\">tutaj<\/a>.<\/p>\n<p>Polityka Prywatno\u015bci \u2013 <a href=\"https:\/\/duon.pl\/lepiejnagaz\/\/rodo\/polityka-prywatnosci\/\">tutaj<\/a>.<\/p>\n<p>Polityka Cookies \u2013 <a href=\"https:\/\/duon.pl\/lepiejnagaz\/\/rodo\/polityka-plikow-cookies\/\">tutaj<\/a>.<\/p>\n<h3>Inspektor ochrony danych<\/h3>\n<p>Powo\u0142ali\u015bmy Inspektora Ochrony Danych. Z Inspektorem mo\u017cna nawi\u0105za\u0107 kontakt w ka\u017cdej sprawie dotycz\u0105cej przetwarzania Pani\/Pana danych osobowych, sk\u0142adaj\u0105c pismo drog\u0105:<br \/>\n\u2022 elektroniczn\u0105 na adres: odo@gge.com.pl<br \/>\n\u2022 tradycyjn\u0105 listownie z dopiskiem IOD adresuj\u0105c na: DUON Dystrybucja Sp. z o.o. w Wysogotowie, (62-081 Prze\u017amierowo) ul. Serdeczna 8[\/vc_column_text][\/vc_column][\/vc_row][\/vc_section]<\/p>\n<\/div>","protected":false},"excerpt":{"rendered":"<p>[vc_section][vc_row][vc_column offset=&#8221;vc_col-lg-offset-1 vc_col-lg-10&#8243;][vc_column_text]Szanowni Pa\u0144stwo Od 25 maja 2018 r. we wszystkich krajach Unii Europejskiej obowi\u0105zuje rozporz\u0105dzenie Parlamentu Europejskiego i Rady (UE) 2016\/679 z dnia 27 kwietnia 2016 r. w sprawie ochrony os\u00f3b fizycznych w zwi\u0105zku z przetwarzaniem danych osobowych i w sprawie swobodnego przep\u0142ywu takich danych oraz uchylenia dyrektywy 95\/46\/WE (og\u00f3lne rozporz\u0105dzenie o ochronie danych [&hellip;]<\/p>\n","protected":false},"author":1,"featured_media":0,"parent":0,"menu_order":0,"comment_status":"closed","ping_status":"closed","template":"tpl-text-page.php","meta":{"_acf_changed":false,"footnotes":""},"class_list":["post-88","page","type-page","status-publish","hentry"],"yoast_head":"<!-- This site is optimized with the Yoast SEO plugin v27.3 - https:\/\/yoast.com\/product\/yoast-seo-wordpress\/ -->\n<title>RODO - #LepiejNaGaz<\/title>\n<meta name=\"robots\" content=\"noindex, nofollow\" \/>\n<meta property=\"og:locale\" content=\"pl_PL\" \/>\n<meta property=\"og:type\" content=\"article\" \/>\n<meta property=\"og:title\" content=\"RODO - #LepiejNaGaz\" \/>\n<meta property=\"og:description\" content=\"[vc_section][vc_row][vc_column offset=&#8221;vc_col-lg-offset-1 vc_col-lg-10&#8243;][vc_column_text]Szanowni Pa\u0144stwo Od 25 maja 2018 r. we wszystkich krajach Unii Europejskiej obowi\u0105zuje rozporz\u0105dzenie Parlamentu Europejskiego i Rady (UE) 2016\/679 z dnia 27 kwietnia 2016 r. w sprawie ochrony os\u00f3b fizycznych w zwi\u0105zku z przetwarzaniem danych osobowych i w sprawie swobodnego przep\u0142ywu takich danych oraz uchylenia dyrektywy 95\/46\/WE (og\u00f3lne rozporz\u0105dzenie o ochronie danych [&hellip;]\" \/>\n<meta property=\"og:url\" content=\"https:\/\/duon.pl\/lepiejnagaz\/rodo\/\" \/>\n<meta property=\"og:site_name\" content=\"#LepiejNaGaz\" \/>\n<meta property=\"article:modified_time\" content=\"2025-02-13T06:48:34+00:00\" \/>\n<meta name=\"twitter:card\" content=\"summary_large_image\" \/>\n<meta name=\"twitter:label1\" content=\"Est. reading time\" \/>\n\t<meta name=\"twitter:data1\" content=\"2 minutes\" \/>\n<script type=\"application\/ld+json\" class=\"yoast-schema-graph\">{\"@context\":\"https:\\\/\\\/schema.org\",\"@graph\":[{\"@type\":\"Article\",\"@id\":\"https:\\\/\\\/duon.pl\\\/lepiejnagaz\\\/rodo\\\/#article\",\"isPartOf\":{\"@id\":\"https:\\\/\\\/duon.pl\\\/lepiejnagaz\\\/rodo\\\/\"},\"author\":{\"name\":\"m.trocha\",\"@id\":\"https:\\\/\\\/duon.pl\\\/lepiejnagaz\\\/#\\\/schema\\\/person\\\/93eca5dabb4ab335fbbfca8b9b1270f3\"},\"headline\":\"RODO\",\"datePublished\":\"2020-01-10T12:06:44+00:00\",\"dateModified\":\"2025-02-13T06:48:34+00:00\",\"mainEntityOfPage\":{\"@id\":\"https:\\\/\\\/duon.pl\\\/lepiejnagaz\\\/rodo\\\/\"},\"wordCount\":272,\"publisher\":{\"@id\":\"https:\\\/\\\/duon.pl\\\/lepiejnagaz\\\/#organization\"},\"inLanguage\":\"pl-PL\"},{\"@type\":\"WebPage\",\"@id\":\"https:\\\/\\\/duon.pl\\\/lepiejnagaz\\\/rodo\\\/\",\"url\":\"https:\\\/\\\/duon.pl\\\/lepiejnagaz\\\/rodo\\\/\",\"name\":\"RODO - #LepiejNaGaz\",\"isPartOf\":{\"@id\":\"https:\\\/\\\/duon.pl\\\/lepiejnagaz\\\/#website\"},\"datePublished\":\"2020-01-10T12:06:44+00:00\",\"dateModified\":\"2025-02-13T06:48:34+00:00\",\"inLanguage\":\"pl-PL\",\"potentialAction\":[{\"@type\":\"ReadAction\",\"target\":[\"https:\\\/\\\/duon.pl\\\/lepiejnagaz\\\/rodo\\\/\"]}]},{\"@type\":\"WebSite\",\"@id\":\"https:\\\/\\\/duon.pl\\\/lepiejnagaz\\\/#website\",\"url\":\"https:\\\/\\\/duon.pl\\\/lepiejnagaz\\\/\",\"name\":\"#LepiejNaGaz\",\"description\":\"\",\"publisher\":{\"@id\":\"https:\\\/\\\/duon.pl\\\/lepiejnagaz\\\/#organization\"},\"potentialAction\":[{\"@type\":\"SearchAction\",\"target\":{\"@type\":\"EntryPoint\",\"urlTemplate\":\"https:\\\/\\\/duon.pl\\\/lepiejnagaz\\\/?s={search_term_string}\"},\"query-input\":{\"@type\":\"PropertyValueSpecification\",\"valueRequired\":true,\"valueName\":\"search_term_string\"}}],\"inLanguage\":\"pl-PL\"},{\"@type\":\"Organization\",\"@id\":\"https:\\\/\\\/duon.pl\\\/lepiejnagaz\\\/#organization\",\"name\":\"DUON\",\"alternateName\":\"DUON\",\"url\":\"https:\\\/\\\/duon.pl\\\/lepiejnagaz\\\/\",\"logo\":{\"@type\":\"ImageObject\",\"inLanguage\":\"pl-PL\",\"@id\":\"https:\\\/\\\/duon.pl\\\/lepiejnagaz\\\/#\\\/schema\\\/logo\\\/image\\\/\",\"url\":\"https:\\\/\\\/duon.pl\\\/lepiejnagaz\\\/wp-content\\\/uploads\\\/sites\\\/5\\\/2020\\\/12\\\/cropped-favicon.png\",\"contentUrl\":\"https:\\\/\\\/duon.pl\\\/lepiejnagaz\\\/wp-content\\\/uploads\\\/sites\\\/5\\\/2020\\\/12\\\/cropped-favicon.png\",\"width\":512,\"height\":512,\"caption\":\"DUON\"},\"image\":{\"@id\":\"https:\\\/\\\/duon.pl\\\/lepiejnagaz\\\/#\\\/schema\\\/logo\\\/image\\\/\"}},{\"@type\":\"Person\",\"@id\":\"https:\\\/\\\/duon.pl\\\/lepiejnagaz\\\/#\\\/schema\\\/person\\\/93eca5dabb4ab335fbbfca8b9b1270f3\",\"name\":\"m.trocha\",\"image\":{\"@type\":\"ImageObject\",\"inLanguage\":\"pl-PL\",\"@id\":\"https:\\\/\\\/secure.gravatar.com\\\/avatar\\\/167d61f8d8e4706b769d610a372dabb6c62f2a4335cd0c5c1c6a723dc98be427?s=96&d=mm&r=g\",\"url\":\"https:\\\/\\\/secure.gravatar.com\\\/avatar\\\/167d61f8d8e4706b769d610a372dabb6c62f2a4335cd0c5c1c6a723dc98be427?s=96&d=mm&r=g\",\"contentUrl\":\"https:\\\/\\\/secure.gravatar.com\\\/avatar\\\/167d61f8d8e4706b769d610a372dabb6c62f2a4335cd0c5c1c6a723dc98be427?s=96&d=mm&r=g\",\"caption\":\"m.trocha\"}}]}<\/script>\n<!-- \/ Yoast SEO plugin. -->","yoast_head_json":{"title":"RODO - #LepiejNaGaz","robots":{"index":"noindex","follow":"nofollow"},"og_locale":"pl_PL","og_type":"article","og_title":"RODO - #LepiejNaGaz","og_description":"[vc_section][vc_row][vc_column offset=&#8221;vc_col-lg-offset-1 vc_col-lg-10&#8243;][vc_column_text]Szanowni Pa\u0144stwo Od 25 maja 2018 r. we wszystkich krajach Unii Europejskiej obowi\u0105zuje rozporz\u0105dzenie Parlamentu Europejskiego i Rady (UE) 2016\/679 z dnia 27 kwietnia 2016 r. w sprawie ochrony os\u00f3b fizycznych w zwi\u0105zku z przetwarzaniem danych osobowych i w sprawie swobodnego przep\u0142ywu takich danych oraz uchylenia dyrektywy 95\/46\/WE (og\u00f3lne rozporz\u0105dzenie o ochronie danych [&hellip;]","og_url":"https:\/\/duon.pl\/lepiejnagaz\/rodo\/","og_site_name":"#LepiejNaGaz","article_modified_time":"2025-02-13T06:48:34+00:00","twitter_card":"summary_large_image","twitter_misc":{"Est. reading time":"2 minutes"},"schema":{"@context":"https:\/\/schema.org","@graph":[{"@type":"Article","@id":"https:\/\/duon.pl\/lepiejnagaz\/rodo\/#article","isPartOf":{"@id":"https:\/\/duon.pl\/lepiejnagaz\/rodo\/"},"author":{"name":"m.trocha","@id":"https:\/\/duon.pl\/lepiejnagaz\/#\/schema\/person\/93eca5dabb4ab335fbbfca8b9b1270f3"},"headline":"RODO","datePublished":"2020-01-10T12:06:44+00:00","dateModified":"2025-02-13T06:48:34+00:00","mainEntityOfPage":{"@id":"https:\/\/duon.pl\/lepiejnagaz\/rodo\/"},"wordCount":272,"publisher":{"@id":"https:\/\/duon.pl\/lepiejnagaz\/#organization"},"inLanguage":"pl-PL"},{"@type":"WebPage","@id":"https:\/\/duon.pl\/lepiejnagaz\/rodo\/","url":"https:\/\/duon.pl\/lepiejnagaz\/rodo\/","name":"RODO - #LepiejNaGaz","isPartOf":{"@id":"https:\/\/duon.pl\/lepiejnagaz\/#website"},"datePublished":"2020-01-10T12:06:44+00:00","dateModified":"2025-02-13T06:48:34+00:00","inLanguage":"pl-PL","potentialAction":[{"@type":"ReadAction","target":["https:\/\/duon.pl\/lepiejnagaz\/rodo\/"]}]},{"@type":"WebSite","@id":"https:\/\/duon.pl\/lepiejnagaz\/#website","url":"https:\/\/duon.pl\/lepiejnagaz\/","name":"#LepiejNaGaz","description":"","publisher":{"@id":"https:\/\/duon.pl\/lepiejnagaz\/#organization"},"potentialAction":[{"@type":"SearchAction","target":{"@type":"EntryPoint","urlTemplate":"https:\/\/duon.pl\/lepiejnagaz\/?s={search_term_string}"},"query-input":{"@type":"PropertyValueSpecification","valueRequired":true,"valueName":"search_term_string"}}],"inLanguage":"pl-PL"},{"@type":"Organization","@id":"https:\/\/duon.pl\/lepiejnagaz\/#organization","name":"DUON","alternateName":"DUON","url":"https:\/\/duon.pl\/lepiejnagaz\/","logo":{"@type":"ImageObject","inLanguage":"pl-PL","@id":"https:\/\/duon.pl\/lepiejnagaz\/#\/schema\/logo\/image\/","url":"https:\/\/duon.pl\/lepiejnagaz\/wp-content\/uploads\/sites\/5\/2020\/12\/cropped-favicon.png","contentUrl":"https:\/\/duon.pl\/lepiejnagaz\/wp-content\/uploads\/sites\/5\/2020\/12\/cropped-favicon.png","width":512,"height":512,"caption":"DUON"},"image":{"@id":"https:\/\/duon.pl\/lepiejnagaz\/#\/schema\/logo\/image\/"}},{"@type":"Person","@id":"https:\/\/duon.pl\/lepiejnagaz\/#\/schema\/person\/93eca5dabb4ab335fbbfca8b9b1270f3","name":"m.trocha","image":{"@type":"ImageObject","inLanguage":"pl-PL","@id":"https:\/\/secure.gravatar.com\/avatar\/167d61f8d8e4706b769d610a372dabb6c62f2a4335cd0c5c1c6a723dc98be427?s=96&d=mm&r=g","url":"https:\/\/secure.gravatar.com\/avatar\/167d61f8d8e4706b769d610a372dabb6c62f2a4335cd0c5c1c6a723dc98be427?s=96&d=mm&r=g","contentUrl":"https:\/\/secure.gravatar.com\/avatar\/167d61f8d8e4706b769d610a372dabb6c62f2a4335cd0c5c1c6a723dc98be427?s=96&d=mm&r=g","caption":"m.trocha"}}]}},"acf":[],"_links":{"self":[{"href":"https:\/\/duon.pl\/lepiejnagaz\/wp-json\/wp\/v2\/pages\/88","targetHints":{"allow":["GET"]}}],"collection":[{"href":"https:\/\/duon.pl\/lepiejnagaz\/wp-json\/wp\/v2\/pages"}],"about":[{"href":"https:\/\/duon.pl\/lepiejnagaz\/wp-json\/wp\/v2\/types\/page"}],"author":[{"embeddable":true,"href":"https:\/\/duon.pl\/lepiejnagaz\/wp-json\/wp\/v2\/users\/1"}],"replies":[{"embeddable":true,"href":"https:\/\/duon.pl\/lepiejnagaz\/wp-json\/wp\/v2\/comments?post=88"}],"version-history":[{"count":3,"href":"https:\/\/duon.pl\/lepiejnagaz\/wp-json\/wp\/v2\/pages\/88\/revisions"}],"predecessor-version":[{"id":310,"href":"https:\/\/duon.pl\/lepiejnagaz\/wp-json\/wp\/v2\/pages\/88\/revisions\/310"}],"wp:attachment":[{"href":"https:\/\/duon.pl\/lepiejnagaz\/wp-json\/wp\/v2\/media?parent=88"}],"curies":[{"name":"wp","href":"https:\/\/api.w.org\/{rel}","templated":true}]}}