{"id":89,"date":"2020-01-10T13:50:54","date_gmt":"2020-01-10T12:50:54","guid":{"rendered":"https:\/\/lepiejnagaz.pl\/?page_id=89"},"modified":"2025-02-13T07:47:57","modified_gmt":"2025-02-13T06:47:57","slug":"polityka-plikow-cookies","status":"publish","type":"page","link":"https:\/\/duon.pl\/lepiejnagaz\/rodo\/polityka-plikow-cookies\/","title":{"rendered":"Polityka plik\u00f3w Cookies"},"content":{"rendered":"<div class=\"wpb-content-wrapper\"><p>[vc_section][vc_row][vc_column offset=&#8221;vc_col-lg-offset-1 vc_col-lg-10&#8243;][vc_column_text]Niniejsza Polityka dotycz\u0105ca plik\u00f3w <em>cookies<\/em> odnosi si\u0119 do strony internetowej www.lepiejnagaz.pl (dalej: Strony)<\/p>\n<p>Poprzez u\u017cywanie Strony wyra\u017casz zgod\u0119 na u\u017cywanie plik\u00f3w <em>cookies<\/em> zgodnie z niniejsz\u0105 Polityk\u0105 plik\u00f3w <em>cookies<\/em> (dalej: Polityka). Je\u017celi nie zgadzasz si\u0119 na u\u017cywanie przez Stron\u0119 plik\u00f3w <em>cookies<\/em> w opisany w Polityce spos\u00f3b, powiniene\u015b zmieni\u0107 ustawienia swojej przegl\u0105darki lub zrezygnowa\u0107 z u\u017cytkowania Strony.<\/p>\n<p><strong>Czym s\u0105 pliki <em>cookies<\/em>?<\/strong><\/p>\n<p>Pliki <em>cookies<\/em> to pliki lub cz\u0119\u015bci informacji, kt\u00f3re mog\u0105 by\u0107 przechowywane na twoim komputerze (lub innym odblokowanym urz\u0105dzeniu, takim jak tablet lub smartphone), podczas gdy odwiedzasz Stron\u0119. Owo tzw. ciasteczko zazwyczaj zawiera nazw\u0119 strony internetowej z kt\u00f3rej pochodzi, \u201ed\u0142ugo\u015b\u0107 \u017cycia\u201d ciasteczka (to znaczy czas jego istnienia), oraz warto\u015b\u0107, kt\u00f3r\u0105 jest przewa\u017cnie przypadkowo wygenerowany unikalny numer.<\/p>\n<p><strong>Do czego u\u017cywamy plik\u00f3w <em>cookies<\/em>?<\/strong><\/p>\n<p>Korzystanie z plik\u00f3w <em>cookies<\/em> jest niezb\u0119dne dla prawid\u0142owego funkcjonowania Strony. Pliki wykorzystujemy do cel\u00f3w dostosowania tre\u015bci serwisu do potrzeb u\u017cytkownik\u00f3w m.in. do regionu, z kt\u00f3rego \u0142\u0105czy si\u0119 dany internauta, do cel\u00f3w statystycznych i monitorowania aktywno\u015bci odwiedzin naszych u\u017cytkownik\u00f3w, jak r\u00f3wnie\u017c do badania prawid\u0142owego funkcjonowania wszystkich funkcji u\u017cytych na Stronie w celu ich ci\u0105g\u0142ego ulepszania. Pliki <em>cookies<\/em> mog\u0105 r\u00f3wnie\u017c by\u0107 u\u017cywane do u\u0142atwienia interakcji u\u017cytkownika ze Stron\u0105, np. do utrzymania sesji u\u017cytkownika po zalogowaniu, dzi\u0119ki kt\u00f3rej u\u017cytkownik nie musi na ka\u017cdej podstronie serwisu ponownie wpisywa\u0107 loginu i has\u0142a. Pliki te mo\u017cemy wreszcie wykorzystywa\u0107 do okre\u015blania profilu u\u017cytkownika w celu wy\u015bwietlania dopasowanych materia\u0142\u00f3w w sieciach reklamowych, w szczeg\u00f3lno\u015bci sieci Google.<\/p>\n<p>Mo\u017cemy Ci\u0119 personalnie zidentyfikowa\u0107 na podstawie informacji przechowywanych w plikach <em>cookies<\/em>.<\/p>\n<p><strong>Jakiego rodzaju plik\u00f3w <em>cookies<\/em> u\u017cywamy?<\/strong><\/p>\n<p>Na Stronie mog\u0105 by\u0107 u\u017cywane dwa rodzaje plik\u00f3w <em>cookies<\/em> \u2013 \u201esesyjne\u201d oraz \u201esta\u0142e\u201d. Te pierwsze s\u0105 tymczasowymi plikami <em>cookies<\/em>, kt\u00f3re pozostaj\u0105 na twoim urz\u0105dzeniu a\u017c do opuszczenia Strony. Pliki <em>cookies<\/em> sta\u0142e pozostaj\u0105 na twoim urz\u0105dzeniu znacznie d\u0142u\u017cej lub do momentu kiedy je manualnie usuniesz (to jak d\u0142ugo dane ciasteczko pozostanie na twoim urz\u0105dzeniu zale\u017cy od \u201eczasu \u017cycia\u201d tego pliku <em>cookies<\/em> oraz od ustawie\u0144 twojej przegl\u0105darki internetowej).<\/p>\n<p>W\u015br\u00f3d plik\u00f3w <em>cookies<\/em> wyr\u00f3\u017cni\u0107 mo\u017cne te, kt\u00f3re s\u0105 niezb\u0119dne do dzia\u0142ania strony www. Nale\u017c\u0105ce do tej kategorii pliki <em>cookies<\/em> wykorzystywane s\u0105, aby zapewni\u0107:<\/p>\n<ul>\n<li>utrzymanie sesji u\u017cytkownika;<\/li>\n<li>zapisanie stanu sesji u\u017cytkownika;<\/li>\n<li>monitoring dost\u0119pno\u015bci us\u0142ug.<\/li>\n<\/ul>\n<p>Kolejna kategoria plik\u00f3w <em>cookies<\/em>, to pliki, kt\u00f3re wprawdzie nie s\u0105 niezb\u0119dne do korzystania ze strony, ale u\u0142atwiaj\u0105 korzystanie z niej. Wykorzystuje si\u0119 je, aby umo\u017cliwi\u0107:<\/p>\n<ul>\n<li>przywr\u00f3cenie ostatnio odwiedzanego widoku przy nast\u0119pnym zalogowaniu do produktu;<\/li>\n<li>zapami\u0119tanie wyboru u\u017cytkownika w kwestii zaprzestania wy\u015bwietlania wybranego komunikatu lub wy\u015bwietlenia go okre\u015blon\u0105 liczb\u0119 razy;<\/li>\n<li>przywr\u00f3cenie sesji u\u017cytkownika;<\/li>\n<li>sprawdzenie czy zapis do plik\u00f3w <em>cookies<\/em> funkcjonuje prawid\u0142owo;<\/li>\n<li>dopasowanie zawarto\u015bci produkt\u00f3w do preferencji u\u017cytkownik\u00f3w;<\/li>\n<li>ustawienie preferowanego j\u0119zyka, waluty, rozmiaru czcionki i innych tego typu w\u0142a\u015bciwo\u015bci u\u0142atwiaj\u0105cych prac\u0119 z aplikacj\u0105;<\/li>\n<li>wy\u015bwietlenie ostatnio wybranego parametru sortowania.<\/li>\n<\/ul>\n<p><strong>Czy u\u017cywamy plik\u00f3w <em>cookies<\/em> podmiot\u00f3w trzecich?<\/strong><\/p>\n<p>Mo\u017cemy korzysta\u0107 z us\u0142ug dostawc\u00f3w, kt\u00f3rzy tak\u017ce mog\u0105 zapisywa\u0107 pliki <em>cookies<\/em> w naszym imieniu, gdy odwiedzasz Stron\u0119. Pozwalaj\u0105 one im na dostarczanie us\u0142ug, kt\u00f3re zapewniaj\u0105 ci dostawcy. Gdy odwiedzasz Stron\u0119 mo\u017cesz otrzymywa\u0107 pliki <em>cookies<\/em> pochodz\u0105ce od podmiot\u00f3w trzecich \u2013 ich stron internetowych lub domen (np. od Google).<\/p>\n<p>Podmioty trzecie wykorzystuj\u0105 pliki <em>cookies<\/em> w nast\u0119puj\u0105cych celach:<\/p>\n<ul>\n<li>monitorowanie ruchu na Naszej stronie;<\/li>\n<li>zbieranie anonimowych, zbiorczych statystyk, kt\u00f3re pozwalaj\u0105 nam zrozumie\u0107, w jaki spos\u00f3b u\u017cytkownicy korzystaj\u0105 z naszej strony internetowej i umo\u017cliwiaj\u0105 nam ci\u0105g\u0142e doskonalenie naszych produkt\u00f3w;<\/li>\n<li>ustalanie liczby anonimowych u\u017cytkownik\u00f3w Naszej strony;<\/li>\n<li>kontrolowanie jak cz\u0119sto pokazywana jest u\u017cytkownikom wybrana tre\u015b\u0107<\/li>\n<li>kontrolowanie jak cz\u0119sto u\u017cytkownicy wybieraj\u0105 dan\u0105 us\u0142ug\u0119;<\/li>\n<li>wykorzystanie systemu personalizowanych rekomendacji dla e-commerce.<\/li>\n<\/ul>\n<p>W\u015br\u00f3d podmiot\u00f3w tych w dacie sporz\u0105dzenia niniejszego dokumentu zaliczamy:<\/p>\n<ul>\n<li>Google Analytics (wi\u0119cej informacji oraz dodatek do przegl\u0105darki blokuj\u0105cy Google Analytics: tools.google.com).<\/li>\n<\/ul>\n<p><strong>Czy mog\u0119 sterowa\u0107 plikami <em>cookies<\/em> albo je usun\u0105\u0107?<\/strong><\/p>\n<p>W wi\u0119kszo\u015bci przegl\u0105darek internetowych akceptacja plik\u00f3w <em>cookies<\/em> jest ustawiona domy\u015blnie. Mo\u017cesz zmieni\u0107 ustawienia tak, aby ciasteczka by\u0142y blokowane albo aby alarmowano Ci\u0119, \u017ce s\u0105 wysy\u0142ane na Twoje urz\u0105dzenia. Jest wiele sposob\u00f3w na zarz\u0105dzanie plikami <em>cookies<\/em>. Prosimy, aby\u015b odni\u00f3s\u0142 si\u0119 do instrukcji Twojej przegl\u0105darki internetowej lub wy\u015bwietli\u0142 pomoc, aby dowiedzie\u0107 si\u0119 jak dostosowywa\u0107 lub zmienia\u0107 ustawienia Twojej przegl\u0105darki. Oto informacj\u0119 jak to zrobi\u0107 na najpopularniejszych przegl\u0105darkach: <a href=\"https:\/\/support.google.com\/accounts\/answer\/61416?co=GENIE.Platform%3DDesktop&amp;hl=pl\" rel=\"nofollow\">Chrome<\/a>, <a href=\"https:\/\/support.mozilla.org\/pl\/kb\/W%C5%82%C4%85czanie%20i%20wy%C5%82%C4%85czanie%20obs%C5%82ugi%20ciasteczek\" rel=\"nofollow\">Mozilla<\/a>, <a href=\"http:\/\/help.opera.com\/Windows\/12.10\/pl\/cookies.html\" rel=\"nofollow\">Opera<\/a>, <a href=\"https:\/\/support.microsoft.com\/pl-pl\/help\/17442\/windows-internet-explorer-delete-manage-cookies\" rel=\"nofollow\">Internet Explorer<\/a>, <a href=\"https:\/\/support.apple.com\/pl-pl\/guide\/safari\/aside\/glos0126d795\/14.0\/mac\/11.0\" rel=\"nofollow\">Safari<\/a>.<\/p>\n<p>Je\u017celi zablokujesz u\u017cywane przez Stron\u0119 pliki <em>cookies<\/em> mo\u017ce to wp\u0142yn\u0105\u0107 na Twoje do\u015bwiadczenia na tych serwisach. Na przyk\u0142ad mo\u017cesz nie by\u0107 w stanie odwiedzi\u0107 pewnych obszar\u00f3w Strony b\u0105d\u017a nie otrzymywa\u0107 spersonalizowanych w zale\u017cno\u015bci od Twojego regionu informacji podczas ich przegl\u0105dania.<\/p>\n<p>Je\u017celi u\u017cywasz r\u00f3\u017cnych urz\u0105dze\u0144 do przegl\u0105dania Strony (np. komputera, tabletu czy smartphona) musisz si\u0119 upewni\u0107, \u017ce ka\u017cda z przegl\u0105darek na ka\u017cdym z urz\u0105dze\u0144 jest odpowiednio dopasowana do Twoich preferencji.[\/vc_column_text][\/vc_column][\/vc_row][\/vc_section]<\/p>\n<\/div>","protected":false},"excerpt":{"rendered":"<p>[vc_section][vc_row][vc_column offset=&#8221;vc_col-lg-offset-1 vc_col-lg-10&#8243;][vc_column_text]Niniejsza Polityka dotycz\u0105ca plik\u00f3w cookies odnosi si\u0119 do strony internetowej www.lepiejnagaz.pl (dalej: Strony) Poprzez u\u017cywanie Strony wyra\u017casz zgod\u0119 na u\u017cywanie plik\u00f3w cookies zgodnie z niniejsz\u0105 Polityk\u0105 plik\u00f3w cookies (dalej: Polityka). Je\u017celi nie zgadzasz si\u0119 na u\u017cywanie przez Stron\u0119 plik\u00f3w cookies w opisany w Polityce spos\u00f3b, powiniene\u015b zmieni\u0107 ustawienia swojej przegl\u0105darki lub zrezygnowa\u0107 z [&hellip;]<\/p>\n","protected":false},"author":1,"featured_media":0,"parent":88,"menu_order":0,"comment_status":"closed","ping_status":"closed","template":"tpl-text-page.php","meta":{"_acf_changed":false,"footnotes":""},"class_list":["post-89","page","type-page","status-publish","hentry"],"yoast_head":"<!-- This site is optimized with the Yoast SEO plugin v27.3 - https:\/\/yoast.com\/product\/yoast-seo-wordpress\/ -->\n<title>Polityka plik\u00f3w Cookies - #LepiejNaGaz<\/title>\n<meta name=\"robots\" content=\"noindex, nofollow\" \/>\n<meta property=\"og:locale\" content=\"pl_PL\" \/>\n<meta property=\"og:type\" content=\"article\" \/>\n<meta property=\"og:title\" content=\"Polityka plik\u00f3w Cookies - #LepiejNaGaz\" \/>\n<meta property=\"og:description\" content=\"[vc_section][vc_row][vc_column offset=&#8221;vc_col-lg-offset-1 vc_col-lg-10&#8243;][vc_column_text]Niniejsza Polityka dotycz\u0105ca plik\u00f3w cookies odnosi si\u0119 do strony internetowej www.lepiejnagaz.pl (dalej: Strony) Poprzez u\u017cywanie Strony wyra\u017casz zgod\u0119 na u\u017cywanie plik\u00f3w cookies zgodnie z niniejsz\u0105 Polityk\u0105 plik\u00f3w cookies (dalej: Polityka). Je\u017celi nie zgadzasz si\u0119 na u\u017cywanie przez Stron\u0119 plik\u00f3w cookies w opisany w Polityce spos\u00f3b, powiniene\u015b zmieni\u0107 ustawienia swojej przegl\u0105darki lub zrezygnowa\u0107 z [&hellip;]\" \/>\n<meta property=\"og:url\" content=\"https:\/\/duon.pl\/lepiejnagaz\/rodo\/polityka-plikow-cookies\/\" \/>\n<meta property=\"og:site_name\" content=\"#LepiejNaGaz\" \/>\n<meta property=\"article:modified_time\" content=\"2025-02-13T06:47:57+00:00\" \/>\n<meta name=\"twitter:card\" content=\"summary_large_image\" \/>\n<meta name=\"twitter:label1\" content=\"Est. reading time\" \/>\n\t<meta name=\"twitter:data1\" content=\"5 minutes\" \/>\n<script type=\"application\/ld+json\" class=\"yoast-schema-graph\">{\"@context\":\"https:\\\/\\\/schema.org\",\"@graph\":[{\"@type\":\"Article\",\"@id\":\"https:\\\/\\\/duon.pl\\\/lepiejnagaz\\\/rodo\\\/polityka-plikow-cookies\\\/#article\",\"isPartOf\":{\"@id\":\"https:\\\/\\\/duon.pl\\\/lepiejnagaz\\\/rodo\\\/polityka-plikow-cookies\\\/\"},\"author\":{\"name\":\"m.trocha\",\"@id\":\"https:\\\/\\\/duon.pl\\\/lepiejnagaz\\\/#\\\/schema\\\/person\\\/93eca5dabb4ab335fbbfca8b9b1270f3\"},\"headline\":\"Polityka plik\u00f3w Cookies\",\"datePublished\":\"2020-01-10T12:50:54+00:00\",\"dateModified\":\"2025-02-13T06:47:57+00:00\",\"mainEntityOfPage\":{\"@id\":\"https:\\\/\\\/duon.pl\\\/lepiejnagaz\\\/rodo\\\/polityka-plikow-cookies\\\/\"},\"wordCount\":930,\"publisher\":{\"@id\":\"https:\\\/\\\/duon.pl\\\/lepiejnagaz\\\/#organization\"},\"inLanguage\":\"pl-PL\"},{\"@type\":\"WebPage\",\"@id\":\"https:\\\/\\\/duon.pl\\\/lepiejnagaz\\\/rodo\\\/polityka-plikow-cookies\\\/\",\"url\":\"https:\\\/\\\/duon.pl\\\/lepiejnagaz\\\/rodo\\\/polityka-plikow-cookies\\\/\",\"name\":\"Polityka plik\u00f3w Cookies - #LepiejNaGaz\",\"isPartOf\":{\"@id\":\"https:\\\/\\\/duon.pl\\\/lepiejnagaz\\\/#website\"},\"datePublished\":\"2020-01-10T12:50:54+00:00\",\"dateModified\":\"2025-02-13T06:47:57+00:00\",\"breadcrumb\":{\"@id\":\"https:\\\/\\\/duon.pl\\\/lepiejnagaz\\\/rodo\\\/polityka-plikow-cookies\\\/#breadcrumb\"},\"inLanguage\":\"pl-PL\",\"potentialAction\":[{\"@type\":\"ReadAction\",\"target\":[\"https:\\\/\\\/duon.pl\\\/lepiejnagaz\\\/rodo\\\/polityka-plikow-cookies\\\/\"]}]},{\"@type\":\"BreadcrumbList\",\"@id\":\"https:\\\/\\\/duon.pl\\\/lepiejnagaz\\\/rodo\\\/polityka-plikow-cookies\\\/#breadcrumb\",\"itemListElement\":[{\"@type\":\"ListItem\",\"position\":1,\"name\":\"RODO\",\"item\":\"https:\\\/\\\/duon.pl\\\/lepiejnagaz\\\/rodo\\\/\"},{\"@type\":\"ListItem\",\"position\":2,\"name\":\"Polityka plik\u00f3w Cookies\"}]},{\"@type\":\"WebSite\",\"@id\":\"https:\\\/\\\/duon.pl\\\/lepiejnagaz\\\/#website\",\"url\":\"https:\\\/\\\/duon.pl\\\/lepiejnagaz\\\/\",\"name\":\"#LepiejNaGaz\",\"description\":\"\",\"publisher\":{\"@id\":\"https:\\\/\\\/duon.pl\\\/lepiejnagaz\\\/#organization\"},\"potentialAction\":[{\"@type\":\"SearchAction\",\"target\":{\"@type\":\"EntryPoint\",\"urlTemplate\":\"https:\\\/\\\/duon.pl\\\/lepiejnagaz\\\/?s={search_term_string}\"},\"query-input\":{\"@type\":\"PropertyValueSpecification\",\"valueRequired\":true,\"valueName\":\"search_term_string\"}}],\"inLanguage\":\"pl-PL\"},{\"@type\":\"Organization\",\"@id\":\"https:\\\/\\\/duon.pl\\\/lepiejnagaz\\\/#organization\",\"name\":\"DUON\",\"alternateName\":\"DUON\",\"url\":\"https:\\\/\\\/duon.pl\\\/lepiejnagaz\\\/\",\"logo\":{\"@type\":\"ImageObject\",\"inLanguage\":\"pl-PL\",\"@id\":\"https:\\\/\\\/duon.pl\\\/lepiejnagaz\\\/#\\\/schema\\\/logo\\\/image\\\/\",\"url\":\"https:\\\/\\\/duon.pl\\\/lepiejnagaz\\\/wp-content\\\/uploads\\\/sites\\\/5\\\/2020\\\/12\\\/cropped-favicon.png\",\"contentUrl\":\"https:\\\/\\\/duon.pl\\\/lepiejnagaz\\\/wp-content\\\/uploads\\\/sites\\\/5\\\/2020\\\/12\\\/cropped-favicon.png\",\"width\":512,\"height\":512,\"caption\":\"DUON\"},\"image\":{\"@id\":\"https:\\\/\\\/duon.pl\\\/lepiejnagaz\\\/#\\\/schema\\\/logo\\\/image\\\/\"}},{\"@type\":\"Person\",\"@id\":\"https:\\\/\\\/duon.pl\\\/lepiejnagaz\\\/#\\\/schema\\\/person\\\/93eca5dabb4ab335fbbfca8b9b1270f3\",\"name\":\"m.trocha\",\"image\":{\"@type\":\"ImageObject\",\"inLanguage\":\"pl-PL\",\"@id\":\"https:\\\/\\\/secure.gravatar.com\\\/avatar\\\/167d61f8d8e4706b769d610a372dabb6c62f2a4335cd0c5c1c6a723dc98be427?s=96&d=mm&r=g\",\"url\":\"https:\\\/\\\/secure.gravatar.com\\\/avatar\\\/167d61f8d8e4706b769d610a372dabb6c62f2a4335cd0c5c1c6a723dc98be427?s=96&d=mm&r=g\",\"contentUrl\":\"https:\\\/\\\/secure.gravatar.com\\\/avatar\\\/167d61f8d8e4706b769d610a372dabb6c62f2a4335cd0c5c1c6a723dc98be427?s=96&d=mm&r=g\",\"caption\":\"m.trocha\"}}]}<\/script>\n<!-- \/ Yoast SEO plugin. -->","yoast_head_json":{"title":"Polityka plik\u00f3w Cookies - #LepiejNaGaz","robots":{"index":"noindex","follow":"nofollow"},"og_locale":"pl_PL","og_type":"article","og_title":"Polityka plik\u00f3w Cookies - #LepiejNaGaz","og_description":"[vc_section][vc_row][vc_column offset=&#8221;vc_col-lg-offset-1 vc_col-lg-10&#8243;][vc_column_text]Niniejsza Polityka dotycz\u0105ca plik\u00f3w cookies odnosi si\u0119 do strony internetowej www.lepiejnagaz.pl (dalej: Strony) Poprzez u\u017cywanie Strony wyra\u017casz zgod\u0119 na u\u017cywanie plik\u00f3w cookies zgodnie z niniejsz\u0105 Polityk\u0105 plik\u00f3w cookies (dalej: Polityka). Je\u017celi nie zgadzasz si\u0119 na u\u017cywanie przez Stron\u0119 plik\u00f3w cookies w opisany w Polityce spos\u00f3b, powiniene\u015b zmieni\u0107 ustawienia swojej przegl\u0105darki lub zrezygnowa\u0107 z [&hellip;]","og_url":"https:\/\/duon.pl\/lepiejnagaz\/rodo\/polityka-plikow-cookies\/","og_site_name":"#LepiejNaGaz","article_modified_time":"2025-02-13T06:47:57+00:00","twitter_card":"summary_large_image","twitter_misc":{"Est. reading time":"5 minutes"},"schema":{"@context":"https:\/\/schema.org","@graph":[{"@type":"Article","@id":"https:\/\/duon.pl\/lepiejnagaz\/rodo\/polityka-plikow-cookies\/#article","isPartOf":{"@id":"https:\/\/duon.pl\/lepiejnagaz\/rodo\/polityka-plikow-cookies\/"},"author":{"name":"m.trocha","@id":"https:\/\/duon.pl\/lepiejnagaz\/#\/schema\/person\/93eca5dabb4ab335fbbfca8b9b1270f3"},"headline":"Polityka plik\u00f3w Cookies","datePublished":"2020-01-10T12:50:54+00:00","dateModified":"2025-02-13T06:47:57+00:00","mainEntityOfPage":{"@id":"https:\/\/duon.pl\/lepiejnagaz\/rodo\/polityka-plikow-cookies\/"},"wordCount":930,"publisher":{"@id":"https:\/\/duon.pl\/lepiejnagaz\/#organization"},"inLanguage":"pl-PL"},{"@type":"WebPage","@id":"https:\/\/duon.pl\/lepiejnagaz\/rodo\/polityka-plikow-cookies\/","url":"https:\/\/duon.pl\/lepiejnagaz\/rodo\/polityka-plikow-cookies\/","name":"Polityka plik\u00f3w Cookies - #LepiejNaGaz","isPartOf":{"@id":"https:\/\/duon.pl\/lepiejnagaz\/#website"},"datePublished":"2020-01-10T12:50:54+00:00","dateModified":"2025-02-13T06:47:57+00:00","breadcrumb":{"@id":"https:\/\/duon.pl\/lepiejnagaz\/rodo\/polityka-plikow-cookies\/#breadcrumb"},"inLanguage":"pl-PL","potentialAction":[{"@type":"ReadAction","target":["https:\/\/duon.pl\/lepiejnagaz\/rodo\/polityka-plikow-cookies\/"]}]},{"@type":"BreadcrumbList","@id":"https:\/\/duon.pl\/lepiejnagaz\/rodo\/polityka-plikow-cookies\/#breadcrumb","itemListElement":[{"@type":"ListItem","position":1,"name":"RODO","item":"https:\/\/duon.pl\/lepiejnagaz\/rodo\/"},{"@type":"ListItem","position":2,"name":"Polityka plik\u00f3w Cookies"}]},{"@type":"WebSite","@id":"https:\/\/duon.pl\/lepiejnagaz\/#website","url":"https:\/\/duon.pl\/lepiejnagaz\/","name":"#LepiejNaGaz","description":"","publisher":{"@id":"https:\/\/duon.pl\/lepiejnagaz\/#organization"},"potentialAction":[{"@type":"SearchAction","target":{"@type":"EntryPoint","urlTemplate":"https:\/\/duon.pl\/lepiejnagaz\/?s={search_term_string}"},"query-input":{"@type":"PropertyValueSpecification","valueRequired":true,"valueName":"search_term_string"}}],"inLanguage":"pl-PL"},{"@type":"Organization","@id":"https:\/\/duon.pl\/lepiejnagaz\/#organization","name":"DUON","alternateName":"DUON","url":"https:\/\/duon.pl\/lepiejnagaz\/","logo":{"@type":"ImageObject","inLanguage":"pl-PL","@id":"https:\/\/duon.pl\/lepiejnagaz\/#\/schema\/logo\/image\/","url":"https:\/\/duon.pl\/lepiejnagaz\/wp-content\/uploads\/sites\/5\/2020\/12\/cropped-favicon.png","contentUrl":"https:\/\/duon.pl\/lepiejnagaz\/wp-content\/uploads\/sites\/5\/2020\/12\/cropped-favicon.png","width":512,"height":512,"caption":"DUON"},"image":{"@id":"https:\/\/duon.pl\/lepiejnagaz\/#\/schema\/logo\/image\/"}},{"@type":"Person","@id":"https:\/\/duon.pl\/lepiejnagaz\/#\/schema\/person\/93eca5dabb4ab335fbbfca8b9b1270f3","name":"m.trocha","image":{"@type":"ImageObject","inLanguage":"pl-PL","@id":"https:\/\/secure.gravatar.com\/avatar\/167d61f8d8e4706b769d610a372dabb6c62f2a4335cd0c5c1c6a723dc98be427?s=96&d=mm&r=g","url":"https:\/\/secure.gravatar.com\/avatar\/167d61f8d8e4706b769d610a372dabb6c62f2a4335cd0c5c1c6a723dc98be427?s=96&d=mm&r=g","contentUrl":"https:\/\/secure.gravatar.com\/avatar\/167d61f8d8e4706b769d610a372dabb6c62f2a4335cd0c5c1c6a723dc98be427?s=96&d=mm&r=g","caption":"m.trocha"}}]}},"acf":[],"_links":{"self":[{"href":"https:\/\/duon.pl\/lepiejnagaz\/wp-json\/wp\/v2\/pages\/89","targetHints":{"allow":["GET"]}}],"collection":[{"href":"https:\/\/duon.pl\/lepiejnagaz\/wp-json\/wp\/v2\/pages"}],"about":[{"href":"https:\/\/duon.pl\/lepiejnagaz\/wp-json\/wp\/v2\/types\/page"}],"author":[{"embeddable":true,"href":"https:\/\/duon.pl\/lepiejnagaz\/wp-json\/wp\/v2\/users\/1"}],"replies":[{"embeddable":true,"href":"https:\/\/duon.pl\/lepiejnagaz\/wp-json\/wp\/v2\/comments?post=89"}],"version-history":[{"count":4,"href":"https:\/\/duon.pl\/lepiejnagaz\/wp-json\/wp\/v2\/pages\/89\/revisions"}],"predecessor-version":[{"id":360,"href":"https:\/\/duon.pl\/lepiejnagaz\/wp-json\/wp\/v2\/pages\/89\/revisions\/360"}],"up":[{"embeddable":true,"href":"https:\/\/duon.pl\/lepiejnagaz\/wp-json\/wp\/v2\/pages\/88"}],"wp:attachment":[{"href":"https:\/\/duon.pl\/lepiejnagaz\/wp-json\/wp\/v2\/media?parent=89"}],"curies":[{"name":"wp","href":"https:\/\/api.w.org\/{rel}","templated":true}]}}